{"id":22,"date":"2024-05-12T10:02:54","date_gmt":"2024-05-12T10:02:54","guid":{"rendered":"https:\/\/biolg.vn\/?post_type=product&#038;p=22"},"modified":"2025-12-10T11:15:01","modified_gmt":"2025-12-10T04:15:01","slug":"biolg-nasal-men-xit-mui-hong","status":"publish","type":"product","link":"https:\/\/biolg.vn\/en\/san-pham\/biolg-nasal-men-xit-mui-hong\/","title":{"rendered":"BIOLG NASAL X\u1ecbt Vi Sinh M\u0169i H\u1ecdng, B\u1ea3o V\u1ec7 &#038; Ph\u00f2ng Ng\u1eeba Vi\u00eam Nhi\u1ec5m \u0110\u01b0\u1eddng Tai, M\u0169i, H\u1ecdng"},"content":{"rendered":"<p>BioLG Nasal l\u00e0 x\u1ecbt vi sinh m\u0169i h\u1ecdng v\u1edbi 60 t\u1ef7 b\u00e0o t\u1eed l\u1ee3i khu\u1ea9n Bacillus, h\u1ed7 tr\u1ee3 gi\u1ea3m vi\u00eam \u0111\u01b0\u1eddng h\u00f4 h\u1ea5p tr\u00ean. \u0110\u1eb7c bi\u1ec7t, BioLG Nasal v\u1edbi n\u1ed3ng \u0111\u1ed9 l\u1ee3i khu\u1ea9n cao c\u00f3 kh\u1ea3 n\u0103ng l\u1ea5n \u00e1t h\u1ea1i khu\u1ea9n &amp; b\u1eaft gi\u1eef virus, t\u1eeb \u0111\u00f3 gi\u00fap b\u1ea3o v\u1ec7 \u0111\u01b0\u1eddng h\u00f4 h\u1ea5p tr\u00ean m\u1ed9t c\u00e1ch ch\u1ee7 \u0111\u1ed9ng.<\/p>\n<p>Xu\u1ea5t x\u1ee9: Vi\u1ec7t Nam<\/p>\n<p><strong><em>(*) S\u1ea3n ph\u1ea9m n\u00e0y kh\u00f4ng ph\u1ea3i l\u00e0 thu\u1ed1c, kh\u00f4ng c\u00f3 t\u00e1c d\u1ee5ng thay th\u1ebf thu\u1ed1c ch\u1eefa b\u1ec7nh.\u00a0<\/em><\/strong><\/p>\n","protected":false},"excerpt":{"rendered":"<p>BioLG Nasal l\u00e0 x\u1ecbt vi sinh m\u0169i h\u1ecdng v\u1edbi 60 t\u1ef7 b\u00e0o t\u1eed l\u1ee3i khu\u1ea9n Bacillus, h\u1ed7 tr\u1ee3 gi\u1ea3m vi\u00eam \u0111\u01b0\u1eddng h\u00f4 h\u1ea5p tr\u00ean. \u0110\u1eb7c bi\u1ec7t, BioLG Nasal v\u1edbi n\u1ed3ng \u0111\u1ed9 l\u1ee3i khu\u1ea9n cao c\u00f3 kh\u1ea3 n\u0103ng l\u1ea5n \u00e1t h\u1ea1i khu\u1ea9n &amp; b\u1eaft gi\u1eef virus, t\u1eeb \u0111\u00f3 gi\u00fap b\u1ea3o v\u1ec7 \u0111\u01b0\u1eddng h\u00f4 h\u1ea5p tr\u00ean m\u1ed9t [&hellip;]<\/p>\n","protected":false},"featured_media":8299,"comment_status":"open","ping_status":"closed","template":"","meta":{"_acf_changed":false},"product_cat":[16],"product_tag":[],"class_list":{"0":"post-22","1":"product","2":"type-product","3":"status-publish","4":"has-post-thumbnail","6":"product_cat-men-cho-he-ho-hap","8":"first","9":"instock","10":"shipping-taxable","11":"product-type-external"},"acf":[],"yoast_head":"<!-- This site is optimized with the Yoast SEO plugin v25.1 - https:\/\/yoast.com\/wordpress\/plugins\/seo\/ -->\n<title>BIOLG NASAL X\u1ecbt Vi Sinh M\u0169i H\u1ecdng | BioLG<\/title>\n<meta name=\"description\" content=\"BioLG Nasal l\u00e0 x\u1ecbt vi sinh m\u0169i h\u1ecdng v\u1edbi 60 t\u1ef7 b\u00e0o t\u1eed l\u1ee3i khu\u1ea9n Bacillus, h\u1ed7 tr\u1ee3 gi\u1ea3m vi\u00eam \u0111\u01b0\u1eddng h\u00f4 h\u1ea5p tr\u00ean. \u0110\u1eb7c bi\u1ec7t, l\u1ee3i khu\u1ea9n trong BioLG Nasal c\u00f3 kh\u1ea3 n\u0103ng l\u1ea5n \u00e1t h\u1ea1i khu\u1ea9n &amp; b\u1eaft gi\u1eef virus, gi\u00fap b\u1ea3o v\u1ec7 \u0111\u01b0\u1eddng h\u00f4 h\u1ea5p tr\u00ean m\u1ed9t c\u00e1ch ch\u1ee7 \u0111\u1ed9ng.\u00a0\" \/>\n<meta name=\"robots\" content=\"index, follow, max-snippet:-1, max-image-preview:large, max-video-preview:-1\" \/>\n<link rel=\"canonical\" href=\"https:\/\/biolg.vn\/en\/san-pham\/biolg-nasal-men-xit-mui-hong\/\" \/>\n<meta property=\"og:locale\" content=\"en_US\" \/>\n<meta property=\"og:type\" content=\"article\" \/>\n<meta property=\"og:title\" content=\"BIOLG NASAL X\u1ecbt Vi Sinh M\u0169i H\u1ecdng | BioLG\" \/>\n<meta property=\"og:description\" content=\"BioLG Nasal l\u00e0 x\u1ecbt vi sinh m\u0169i h\u1ecdng v\u1edbi 60 t\u1ef7 b\u00e0o t\u1eed l\u1ee3i khu\u1ea9n Bacillus, h\u1ed7 tr\u1ee3 gi\u1ea3m vi\u00eam \u0111\u01b0\u1eddng h\u00f4 h\u1ea5p tr\u00ean. \u0110\u1eb7c bi\u1ec7t, l\u1ee3i khu\u1ea9n trong BioLG Nasal c\u00f3 kh\u1ea3 n\u0103ng l\u1ea5n \u00e1t h\u1ea1i khu\u1ea9n &amp; b\u1eaft gi\u1eef virus, gi\u00fap b\u1ea3o v\u1ec7 \u0111\u01b0\u1eddng h\u00f4 h\u1ea5p tr\u00ean m\u1ed9t c\u00e1ch ch\u1ee7 \u0111\u1ed9ng.\u00a0\" \/>\n<meta property=\"og:url\" content=\"https:\/\/biolg.vn\/en\/san-pham\/biolg-nasal-men-xit-mui-hong\/\" \/>\n<meta property=\"og:site_name\" content=\"C\u00f4ng ty d\u01b0\u1ee3c ph\u1ea9m BioLG\" \/>\n<meta property=\"article:publisher\" content=\"https:\/\/www.facebook.com\/profile.php?id=100083967914394\" \/>\n<meta property=\"article:modified_time\" content=\"2025-12-10T04:15:01+00:00\" \/>\n<meta property=\"og:image\" content=\"https:\/\/biolg.vn\/wp-content\/uploads\/2024\/05\/anh-web_tong-hop-23-1024x1024.png\" \/>\n\t<meta property=\"og:image:width\" content=\"1024\" \/>\n\t<meta property=\"og:image:height\" content=\"1024\" \/>\n\t<meta property=\"og:image:type\" content=\"image\/png\" \/>\n<meta name=\"twitter:card\" content=\"summary_large_image\" \/>\n<meta name=\"twitter:label1\" content=\"Est. reading time\" \/>\n\t<meta name=\"twitter:data1\" content=\"1 minute\" \/>\n<script type=\"application\/ld+json\" class=\"yoast-schema-graph\">{\"@context\":\"https:\/\/schema.org\",\"@graph\":[{\"@type\":\"WebPage\",\"@id\":\"https:\/\/biolg.vn\/en\/san-pham\/biolg-nasal-men-xit-mui-hong\/\",\"url\":\"https:\/\/biolg.vn\/en\/san-pham\/biolg-nasal-men-xit-mui-hong\/\",\"name\":\"BIOLG NASAL X\u1ecbt Vi Sinh M\u0169i H\u1ecdng | BioLG\",\"isPartOf\":{\"@id\":\"https:\/\/biolg.vn\/en\/#website\"},\"primaryImageOfPage\":{\"@id\":\"https:\/\/biolg.vn\/en\/san-pham\/biolg-nasal-men-xit-mui-hong\/#primaryimage\"},\"image\":{\"@id\":\"https:\/\/biolg.vn\/en\/san-pham\/biolg-nasal-men-xit-mui-hong\/#primaryimage\"},\"thumbnailUrl\":\"https:\/\/biolg.vn\/wp-content\/uploads\/2024\/05\/anh-web_tong-hop-23.png\",\"datePublished\":\"2024-05-12T10:02:54+00:00\",\"dateModified\":\"2025-12-10T04:15:01+00:00\",\"description\":\"BioLG Nasal l\u00e0 x\u1ecbt vi sinh m\u0169i h\u1ecdng v\u1edbi 60 t\u1ef7 b\u00e0o t\u1eed l\u1ee3i khu\u1ea9n Bacillus, h\u1ed7 tr\u1ee3 gi\u1ea3m vi\u00eam \u0111\u01b0\u1eddng h\u00f4 h\u1ea5p tr\u00ean. \u0110\u1eb7c bi\u1ec7t, l\u1ee3i khu\u1ea9n trong BioLG Nasal c\u00f3 kh\u1ea3 n\u0103ng l\u1ea5n \u00e1t h\u1ea1i khu\u1ea9n & b\u1eaft gi\u1eef virus, gi\u00fap b\u1ea3o v\u1ec7 \u0111\u01b0\u1eddng h\u00f4 h\u1ea5p tr\u00ean m\u1ed9t c\u00e1ch ch\u1ee7 \u0111\u1ed9ng.\u00a0\",\"breadcrumb\":{\"@id\":\"https:\/\/biolg.vn\/en\/san-pham\/biolg-nasal-men-xit-mui-hong\/#breadcrumb\"},\"inLanguage\":\"en-US\",\"potentialAction\":[{\"@type\":\"ReadAction\",\"target\":[\"https:\/\/biolg.vn\/en\/san-pham\/biolg-nasal-men-xit-mui-hong\/\"]}]},{\"@type\":\"ImageObject\",\"inLanguage\":\"en-US\",\"@id\":\"https:\/\/biolg.vn\/en\/san-pham\/biolg-nasal-men-xit-mui-hong\/#primaryimage\",\"url\":\"https:\/\/biolg.vn\/wp-content\/uploads\/2024\/05\/anh-web_tong-hop-23.png\",\"contentUrl\":\"https:\/\/biolg.vn\/wp-content\/uploads\/2024\/05\/anh-web_tong-hop-23.png\",\"width\":3334,\"height\":3334},{\"@type\":\"BreadcrumbList\",\"@id\":\"https:\/\/biolg.vn\/en\/san-pham\/biolg-nasal-men-xit-mui-hong\/#breadcrumb\",\"itemListElement\":[{\"@type\":\"ListItem\",\"position\":1,\"name\":\"Home\",\"item\":\"https:\/\/biolg.vn\/en\/trang-chu\/\"},{\"@type\":\"ListItem\",\"position\":2,\"name\":\"Shop\",\"item\":\"https:\/\/biolg.vn\/shop\/\"},{\"@type\":\"ListItem\",\"position\":3,\"name\":\"BIOLG NASAL X\u1ecbt Vi Sinh M\u0169i H\u1ecdng, B\u1ea3o V\u1ec7 &#038; Ph\u00f2ng Ng\u1eeba Vi\u00eam Nhi\u1ec5m \u0110\u01b0\u1eddng Tai, M\u0169i, H\u1ecdng\"}]},{\"@type\":\"WebSite\",\"@id\":\"https:\/\/biolg.vn\/en\/#website\",\"url\":\"https:\/\/biolg.vn\/en\/\",\"name\":\"C\u00f4ng ty d\u01b0\u1ee3c ph\u1ea9m BioLG\",\"description\":\"Y\u00eau th\u01b0\u01a1ng v\u00e0 b\u1ea3o v\u1ec7\",\"publisher\":{\"@id\":\"https:\/\/biolg.vn\/en\/#organization\"},\"potentialAction\":[{\"@type\":\"SearchAction\",\"target\":{\"@type\":\"EntryPoint\",\"urlTemplate\":\"https:\/\/biolg.vn\/en\/?s={search_term_string}\"},\"query-input\":{\"@type\":\"PropertyValueSpecification\",\"valueRequired\":true,\"valueName\":\"search_term_string\"}}],\"inLanguage\":\"en-US\"},{\"@type\":\"Organization\",\"@id\":\"https:\/\/biolg.vn\/en\/#organization\",\"name\":\"C\u00f4ng ty d\u01b0\u1ee3c ph\u1ea9m BioLG\",\"url\":\"https:\/\/biolg.vn\/en\/\",\"logo\":{\"@type\":\"ImageObject\",\"inLanguage\":\"en-US\",\"@id\":\"https:\/\/biolg.vn\/en\/#\/schema\/logo\/image\/\",\"url\":\"https:\/\/biolg.vn\/wp-content\/uploads\/2024\/05\/Logo-BioLG.png\",\"contentUrl\":\"https:\/\/biolg.vn\/wp-content\/uploads\/2024\/05\/Logo-BioLG.png\",\"width\":1600,\"height\":690,\"caption\":\"C\u00f4ng ty d\u01b0\u1ee3c ph\u1ea9m BioLG\"},\"image\":{\"@id\":\"https:\/\/biolg.vn\/en\/#\/schema\/logo\/image\/\"},\"sameAs\":[\"https:\/\/www.facebook.com\/profile.php?id=100083967914394\",\"https:\/\/www.youtube.com\/channel\/UCmmb_WhuoyxvzN5al6d_D-g\",\"https:\/\/www.tiktok.com\/@biolg.2020\"]}]}<\/script>\n<!-- \/ Yoast SEO plugin. -->","yoast_head_json":{"title":"BIOLG NASAL X\u1ecbt Vi Sinh M\u0169i H\u1ecdng | BioLG","description":"BioLG Nasal l\u00e0 x\u1ecbt vi sinh m\u0169i h\u1ecdng v\u1edbi 60 t\u1ef7 b\u00e0o t\u1eed l\u1ee3i khu\u1ea9n Bacillus, h\u1ed7 tr\u1ee3 gi\u1ea3m vi\u00eam \u0111\u01b0\u1eddng h\u00f4 h\u1ea5p tr\u00ean. \u0110\u1eb7c bi\u1ec7t, l\u1ee3i khu\u1ea9n trong BioLG Nasal c\u00f3 kh\u1ea3 n\u0103ng l\u1ea5n \u00e1t h\u1ea1i khu\u1ea9n & b\u1eaft gi\u1eef virus, gi\u00fap b\u1ea3o v\u1ec7 \u0111\u01b0\u1eddng h\u00f4 h\u1ea5p tr\u00ean m\u1ed9t c\u00e1ch ch\u1ee7 \u0111\u1ed9ng.\u00a0","robots":{"index":"index","follow":"follow","max-snippet":"max-snippet:-1","max-image-preview":"max-image-preview:large","max-video-preview":"max-video-preview:-1"},"canonical":"https:\/\/biolg.vn\/en\/san-pham\/biolg-nasal-men-xit-mui-hong\/","og_locale":"en_US","og_type":"article","og_title":"BIOLG NASAL X\u1ecbt Vi Sinh M\u0169i H\u1ecdng | BioLG","og_description":"BioLG Nasal l\u00e0 x\u1ecbt vi sinh m\u0169i h\u1ecdng v\u1edbi 60 t\u1ef7 b\u00e0o t\u1eed l\u1ee3i khu\u1ea9n Bacillus, h\u1ed7 tr\u1ee3 gi\u1ea3m vi\u00eam \u0111\u01b0\u1eddng h\u00f4 h\u1ea5p tr\u00ean. \u0110\u1eb7c bi\u1ec7t, l\u1ee3i khu\u1ea9n trong BioLG Nasal c\u00f3 kh\u1ea3 n\u0103ng l\u1ea5n \u00e1t h\u1ea1i khu\u1ea9n & b\u1eaft gi\u1eef virus, gi\u00fap b\u1ea3o v\u1ec7 \u0111\u01b0\u1eddng h\u00f4 h\u1ea5p tr\u00ean m\u1ed9t c\u00e1ch ch\u1ee7 \u0111\u1ed9ng.\u00a0","og_url":"https:\/\/biolg.vn\/en\/san-pham\/biolg-nasal-men-xit-mui-hong\/","og_site_name":"C\u00f4ng ty d\u01b0\u1ee3c ph\u1ea9m BioLG","article_publisher":"https:\/\/www.facebook.com\/profile.php?id=100083967914394","article_modified_time":"2025-12-10T04:15:01+00:00","og_image":[{"width":1024,"height":1024,"url":"https:\/\/biolg.vn\/wp-content\/uploads\/2024\/05\/anh-web_tong-hop-23-1024x1024.png","type":"image\/png"}],"twitter_card":"summary_large_image","twitter_misc":{"Est. reading time":"1 minute"},"schema":{"@context":"https:\/\/schema.org","@graph":[{"@type":"WebPage","@id":"https:\/\/biolg.vn\/en\/san-pham\/biolg-nasal-men-xit-mui-hong\/","url":"https:\/\/biolg.vn\/en\/san-pham\/biolg-nasal-men-xit-mui-hong\/","name":"BIOLG NASAL X\u1ecbt Vi Sinh M\u0169i H\u1ecdng | BioLG","isPartOf":{"@id":"https:\/\/biolg.vn\/en\/#website"},"primaryImageOfPage":{"@id":"https:\/\/biolg.vn\/en\/san-pham\/biolg-nasal-men-xit-mui-hong\/#primaryimage"},"image":{"@id":"https:\/\/biolg.vn\/en\/san-pham\/biolg-nasal-men-xit-mui-hong\/#primaryimage"},"thumbnailUrl":"https:\/\/biolg.vn\/wp-content\/uploads\/2024\/05\/anh-web_tong-hop-23.png","datePublished":"2024-05-12T10:02:54+00:00","dateModified":"2025-12-10T04:15:01+00:00","description":"BioLG Nasal l\u00e0 x\u1ecbt vi sinh m\u0169i h\u1ecdng v\u1edbi 60 t\u1ef7 b\u00e0o t\u1eed l\u1ee3i khu\u1ea9n Bacillus, h\u1ed7 tr\u1ee3 gi\u1ea3m vi\u00eam \u0111\u01b0\u1eddng h\u00f4 h\u1ea5p tr\u00ean. \u0110\u1eb7c bi\u1ec7t, l\u1ee3i khu\u1ea9n trong BioLG Nasal c\u00f3 kh\u1ea3 n\u0103ng l\u1ea5n \u00e1t h\u1ea1i khu\u1ea9n & b\u1eaft gi\u1eef virus, gi\u00fap b\u1ea3o v\u1ec7 \u0111\u01b0\u1eddng h\u00f4 h\u1ea5p tr\u00ean m\u1ed9t c\u00e1ch ch\u1ee7 \u0111\u1ed9ng.\u00a0","breadcrumb":{"@id":"https:\/\/biolg.vn\/en\/san-pham\/biolg-nasal-men-xit-mui-hong\/#breadcrumb"},"inLanguage":"en-US","potentialAction":[{"@type":"ReadAction","target":["https:\/\/biolg.vn\/en\/san-pham\/biolg-nasal-men-xit-mui-hong\/"]}]},{"@type":"ImageObject","inLanguage":"en-US","@id":"https:\/\/biolg.vn\/en\/san-pham\/biolg-nasal-men-xit-mui-hong\/#primaryimage","url":"https:\/\/biolg.vn\/wp-content\/uploads\/2024\/05\/anh-web_tong-hop-23.png","contentUrl":"https:\/\/biolg.vn\/wp-content\/uploads\/2024\/05\/anh-web_tong-hop-23.png","width":3334,"height":3334},{"@type":"BreadcrumbList","@id":"https:\/\/biolg.vn\/en\/san-pham\/biolg-nasal-men-xit-mui-hong\/#breadcrumb","itemListElement":[{"@type":"ListItem","position":1,"name":"Home","item":"https:\/\/biolg.vn\/en\/trang-chu\/"},{"@type":"ListItem","position":2,"name":"Shop","item":"https:\/\/biolg.vn\/shop\/"},{"@type":"ListItem","position":3,"name":"BIOLG NASAL X\u1ecbt Vi Sinh M\u0169i H\u1ecdng, B\u1ea3o V\u1ec7 &#038; Ph\u00f2ng Ng\u1eeba Vi\u00eam Nhi\u1ec5m \u0110\u01b0\u1eddng Tai, M\u0169i, H\u1ecdng"}]},{"@type":"WebSite","@id":"https:\/\/biolg.vn\/en\/#website","url":"https:\/\/biolg.vn\/en\/","name":"C\u00f4ng ty d\u01b0\u1ee3c ph\u1ea9m BioLG","description":"Y\u00eau th\u01b0\u01a1ng v\u00e0 b\u1ea3o v\u1ec7","publisher":{"@id":"https:\/\/biolg.vn\/en\/#organization"},"potentialAction":[{"@type":"SearchAction","target":{"@type":"EntryPoint","urlTemplate":"https:\/\/biolg.vn\/en\/?s={search_term_string}"},"query-input":{"@type":"PropertyValueSpecification","valueRequired":true,"valueName":"search_term_string"}}],"inLanguage":"en-US"},{"@type":"Organization","@id":"https:\/\/biolg.vn\/en\/#organization","name":"C\u00f4ng ty d\u01b0\u1ee3c ph\u1ea9m BioLG","url":"https:\/\/biolg.vn\/en\/","logo":{"@type":"ImageObject","inLanguage":"en-US","@id":"https:\/\/biolg.vn\/en\/#\/schema\/logo\/image\/","url":"https:\/\/biolg.vn\/wp-content\/uploads\/2024\/05\/Logo-BioLG.png","contentUrl":"https:\/\/biolg.vn\/wp-content\/uploads\/2024\/05\/Logo-BioLG.png","width":1600,"height":690,"caption":"C\u00f4ng ty d\u01b0\u1ee3c ph\u1ea9m BioLG"},"image":{"@id":"https:\/\/biolg.vn\/en\/#\/schema\/logo\/image\/"},"sameAs":["https:\/\/www.facebook.com\/profile.php?id=100083967914394","https:\/\/www.youtube.com\/channel\/UCmmb_WhuoyxvzN5al6d_D-g","https:\/\/www.tiktok.com\/@biolg.2020"]}]}},"_links":{"self":[{"href":"https:\/\/biolg.vn\/en\/wp-json\/wp\/v2\/product\/22","targetHints":{"allow":["GET"]}}],"collection":[{"href":"https:\/\/biolg.vn\/en\/wp-json\/wp\/v2\/product"}],"about":[{"href":"https:\/\/biolg.vn\/en\/wp-json\/wp\/v2\/types\/product"}],"replies":[{"embeddable":true,"href":"https:\/\/biolg.vn\/en\/wp-json\/wp\/v2\/comments?post=22"}],"wp:featuredmedia":[{"embeddable":true,"href":"https:\/\/biolg.vn\/en\/wp-json\/wp\/v2\/media\/8299"}],"wp:attachment":[{"href":"https:\/\/biolg.vn\/en\/wp-json\/wp\/v2\/media?parent=22"}],"wp:term":[{"taxonomy":"product_cat","embeddable":true,"href":"https:\/\/biolg.vn\/en\/wp-json\/wp\/v2\/product_cat?post=22"},{"taxonomy":"product_tag","embeddable":true,"href":"https:\/\/biolg.vn\/en\/wp-json\/wp\/v2\/product_tag?post=22"}],"curies":[{"name":"wp","href":"https:\/\/api.w.org\/{rel}","templated":true}]}}