{"id":28,"date":"2024-04-12T10:08:38","date_gmt":"2024-04-12T10:08:38","guid":{"rendered":"https:\/\/biolg.vn\/?post_type=product&#038;p=28"},"modified":"2025-12-10T11:16:05","modified_gmt":"2025-12-10T04:16:05","slug":"com-enzyme-biolg-bo-ty-an-ngon","status":"publish","type":"product","link":"https:\/\/biolg.vn\/en\/san-pham\/com-enzyme-biolg-bo-ty-an-ngon\/","title":{"rendered":"BIOLG B\u1ed4 T\u1ef2 \u0102N NGON &#8211; H\u1ed7 tr\u1ee3 b\u1ed5 t\u1ef3, h\u1ed7 tr\u1ee3 b\u1ed3i b\u1ed5 c\u01a1 th\u1ec3, h\u1ed7 tr\u1ee3 gi\u00fap \u0103n ngon mi\u1ec7ng, h\u1ed7 tr\u1ee3 t\u0103ng c\u01b0\u1eddng s\u1ee9c \u0111\u1ec1 kh\u00e1ng"},"content":{"rendered":"<p><span style=\"font-weight: 300;\">BioLG B\u1ed5 t\u1ef3 \u0103n ngon l\u00e0 s\u1ea3n ph\u1ea9m c\u1ed1m vi sinh t\u00edch h\u1ee3p, v\u1edbi c\u00f4ng th\u1ee9c b\u00e0o ch\u1ebf \u0111\u1ed9t ph\u00e1 5IN1, k\u1ebft h\u1ee3p Probiotic &#8211; Prebiotic &#8211; Enzyme ti\u00eau ho\u00e1 &#8211; Th\u1ea3o d\u01b0\u1ee3c b\u1ed5 t\u1ef3 &amp; Vi ch\u1ea5t dinh d\u01b0\u1ee1ng, \u0111em l\u1ea1i t\u00e1c d\u1ee5ng v\u01b0\u1ee3t tr\u1ed9i gi\u00fap \u0103n ngon mi\u1ec7ng, h\u1ed7 tr\u1ee3 k\u00edch th\u00edch ti\u00eau ho\u00e1, c\u1ea3i thi\u1ec7n t\u00ecnh tr\u1ea1ng \u0103n u\u1ed1ng k\u00e9m ti\u00eau. H\u1ed7 tr\u1ee3 b\u1ed5 t\u1ef3, b\u1ed3i b\u1ed5 c\u01a1 th\u1ec3, t\u0103ng c\u01b0\u1eddng s\u1ee9c \u0111\u1ec1 kh\u00e1ng.<\/span><\/p>\n<p>Xu\u1ea5t x\u1ee9: Vi\u1ec7t Nam<\/p>\n<p><strong><em>(*) S\u1ea3n ph\u1ea9m n\u00e0y kh\u00f4ng ph\u1ea3i l\u00e0 thu\u1ed1c, kh\u00f4ng c\u00f3 t\u00e1c d\u1ee5ng thay th\u1ebf thu\u1ed1c ch\u1eefa b\u1ec7nh.\u00a0<\/em><\/strong><\/p>\n<div id=\"eJOY__extension_root\" class=\"eJOY__extension_root_class\" style=\"all: unset;\"><\/div>\n","protected":false},"excerpt":{"rendered":"<p>&nbsp;<\/p>\n<div id=\"eJOY__extension_root\" class=\"eJOY__extension_root_class\" style=\"all: unset;\"><\/div>\n","protected":false},"featured_media":8540,"comment_status":"open","ping_status":"closed","template":"","meta":{"_acf_changed":false},"product_cat":[18,17],"product_tag":[],"class_list":{"0":"post-28","1":"product","2":"type-product","3":"status-publish","4":"has-post-thumbnail","6":"product_cat-me-va-be","7":"product_cat-tieu-hoa","9":"first","10":"instock","11":"shipping-taxable","12":"purchasable","13":"product-type-simple"},"acf":[],"yoast_head":"<!-- This site is optimized with the Yoast SEO plugin v25.1 - https:\/\/yoast.com\/wordpress\/plugins\/seo\/ -->\n<title>BIOLG B\u1ed4 T\u1ef2 \u0102N NGON - C\u1ed1m vi sinh t\u00edch h\u1ee3p th\u1ebf h\u1ec7 m\u1edbi<\/title>\n<meta name=\"description\" content=\"BioLG B\u1ed5 t\u1ef3 \u0103n ngon l\u00e0 s\u1ea3n ph\u1ea9m c\u1ed1m vi sinh t\u00edch h\u1ee3p, v\u1edbi c\u00f4ng th\u1ee9c b\u00e0o ch\u1ebf \u0111\u1ed9t ph\u00e1 5IN1, \u0111em l\u1ea1i t\u00e1c d\u1ee5ng v\u01b0\u1ee3t tr\u1ed9i gi\u00fap \u0103n ngon mi\u1ec7ng, t\u0103ng \u0111\u1ec1 kh\u00e1ng\" \/>\n<meta name=\"robots\" content=\"index, follow, max-snippet:-1, max-image-preview:large, max-video-preview:-1\" \/>\n<link rel=\"canonical\" href=\"https:\/\/biolg.vn\/en\/san-pham\/com-enzyme-biolg-bo-ty-an-ngon\/\" \/>\n<meta property=\"og:locale\" content=\"en_US\" \/>\n<meta property=\"og:type\" content=\"article\" \/>\n<meta property=\"og:title\" content=\"BIOLG B\u1ed4 T\u1ef2 \u0102N NGON - C\u1ed1m vi sinh t\u00edch h\u1ee3p th\u1ebf h\u1ec7 m\u1edbi\" \/>\n<meta property=\"og:description\" content=\"BioLG B\u1ed5 t\u1ef3 \u0103n ngon l\u00e0 s\u1ea3n ph\u1ea9m c\u1ed1m vi sinh t\u00edch h\u1ee3p, v\u1edbi c\u00f4ng th\u1ee9c b\u00e0o ch\u1ebf \u0111\u1ed9t ph\u00e1 5IN1, \u0111em l\u1ea1i t\u00e1c d\u1ee5ng v\u01b0\u1ee3t tr\u1ed9i gi\u00fap \u0103n ngon mi\u1ec7ng, t\u0103ng \u0111\u1ec1 kh\u00e1ng\" \/>\n<meta property=\"og:url\" content=\"https:\/\/biolg.vn\/en\/san-pham\/com-enzyme-biolg-bo-ty-an-ngon\/\" \/>\n<meta property=\"og:site_name\" content=\"C\u00f4ng ty d\u01b0\u1ee3c ph\u1ea9m BioLG\" \/>\n<meta property=\"article:publisher\" content=\"https:\/\/www.facebook.com\/profile.php?id=100083967914394\" \/>\n<meta property=\"article:modified_time\" content=\"2025-12-10T04:16:05+00:00\" \/>\n<meta property=\"og:image\" content=\"https:\/\/biolg.vn\/wp-content\/uploads\/2024\/04\/TIKTOK_new-mockup-3-sp-27.png\" \/>\n\t<meta property=\"og:image:width\" content=\"1200\" \/>\n\t<meta property=\"og:image:height\" content=\"1201\" \/>\n\t<meta property=\"og:image:type\" content=\"image\/png\" \/>\n<meta name=\"twitter:card\" content=\"summary_large_image\" \/>\n<meta name=\"twitter:label1\" content=\"Est. reading time\" \/>\n\t<meta name=\"twitter:data1\" content=\"1 minute\" \/>\n<script type=\"application\/ld+json\" class=\"yoast-schema-graph\">{\"@context\":\"https:\/\/schema.org\",\"@graph\":[{\"@type\":\"WebPage\",\"@id\":\"https:\/\/biolg.vn\/en\/san-pham\/com-enzyme-biolg-bo-ty-an-ngon\/\",\"url\":\"https:\/\/biolg.vn\/en\/san-pham\/com-enzyme-biolg-bo-ty-an-ngon\/\",\"name\":\"BIOLG B\u1ed4 T\u1ef2 \u0102N NGON - C\u1ed1m vi sinh t\u00edch h\u1ee3p th\u1ebf h\u1ec7 m\u1edbi\",\"isPartOf\":{\"@id\":\"https:\/\/biolg.vn\/en\/#website\"},\"primaryImageOfPage\":{\"@id\":\"https:\/\/biolg.vn\/en\/san-pham\/com-enzyme-biolg-bo-ty-an-ngon\/#primaryimage\"},\"image\":{\"@id\":\"https:\/\/biolg.vn\/en\/san-pham\/com-enzyme-biolg-bo-ty-an-ngon\/#primaryimage\"},\"thumbnailUrl\":\"https:\/\/biolg.vn\/wp-content\/uploads\/2024\/04\/TIKTOK_new-mockup-3-sp-27.png\",\"datePublished\":\"2024-04-12T10:08:38+00:00\",\"dateModified\":\"2025-12-10T04:16:05+00:00\",\"description\":\"BioLG B\u1ed5 t\u1ef3 \u0103n ngon l\u00e0 s\u1ea3n ph\u1ea9m c\u1ed1m vi sinh t\u00edch h\u1ee3p, v\u1edbi c\u00f4ng th\u1ee9c b\u00e0o ch\u1ebf \u0111\u1ed9t ph\u00e1 5IN1, \u0111em l\u1ea1i t\u00e1c d\u1ee5ng v\u01b0\u1ee3t tr\u1ed9i gi\u00fap \u0103n ngon mi\u1ec7ng, t\u0103ng \u0111\u1ec1 kh\u00e1ng\",\"breadcrumb\":{\"@id\":\"https:\/\/biolg.vn\/en\/san-pham\/com-enzyme-biolg-bo-ty-an-ngon\/#breadcrumb\"},\"inLanguage\":\"en-US\",\"potentialAction\":[{\"@type\":\"ReadAction\",\"target\":[\"https:\/\/biolg.vn\/en\/san-pham\/com-enzyme-biolg-bo-ty-an-ngon\/\"]}]},{\"@type\":\"ImageObject\",\"inLanguage\":\"en-US\",\"@id\":\"https:\/\/biolg.vn\/en\/san-pham\/com-enzyme-biolg-bo-ty-an-ngon\/#primaryimage\",\"url\":\"https:\/\/biolg.vn\/wp-content\/uploads\/2024\/04\/TIKTOK_new-mockup-3-sp-27.png\",\"contentUrl\":\"https:\/\/biolg.vn\/wp-content\/uploads\/2024\/04\/TIKTOK_new-mockup-3-sp-27.png\",\"width\":1200,\"height\":1201},{\"@type\":\"BreadcrumbList\",\"@id\":\"https:\/\/biolg.vn\/en\/san-pham\/com-enzyme-biolg-bo-ty-an-ngon\/#breadcrumb\",\"itemListElement\":[{\"@type\":\"ListItem\",\"position\":1,\"name\":\"Home\",\"item\":\"https:\/\/biolg.vn\/en\/trang-chu\/\"},{\"@type\":\"ListItem\",\"position\":2,\"name\":\"Shop\",\"item\":\"https:\/\/biolg.vn\/shop\/\"},{\"@type\":\"ListItem\",\"position\":3,\"name\":\"BIOLG B\u1ed4 T\u1ef2 \u0102N NGON &#8211; H\u1ed7 tr\u1ee3 b\u1ed5 t\u1ef3, h\u1ed7 tr\u1ee3 b\u1ed3i b\u1ed5 c\u01a1 th\u1ec3, h\u1ed7 tr\u1ee3 gi\u00fap \u0103n ngon mi\u1ec7ng, h\u1ed7 tr\u1ee3 t\u0103ng c\u01b0\u1eddng s\u1ee9c \u0111\u1ec1 kh\u00e1ng\"}]},{\"@type\":\"WebSite\",\"@id\":\"https:\/\/biolg.vn\/en\/#website\",\"url\":\"https:\/\/biolg.vn\/en\/\",\"name\":\"C\u00f4ng ty d\u01b0\u1ee3c ph\u1ea9m BioLG\",\"description\":\"Y\u00eau th\u01b0\u01a1ng v\u00e0 b\u1ea3o v\u1ec7\",\"publisher\":{\"@id\":\"https:\/\/biolg.vn\/en\/#organization\"},\"potentialAction\":[{\"@type\":\"SearchAction\",\"target\":{\"@type\":\"EntryPoint\",\"urlTemplate\":\"https:\/\/biolg.vn\/en\/?s={search_term_string}\"},\"query-input\":{\"@type\":\"PropertyValueSpecification\",\"valueRequired\":true,\"valueName\":\"search_term_string\"}}],\"inLanguage\":\"en-US\"},{\"@type\":\"Organization\",\"@id\":\"https:\/\/biolg.vn\/en\/#organization\",\"name\":\"C\u00f4ng ty d\u01b0\u1ee3c ph\u1ea9m BioLG\",\"url\":\"https:\/\/biolg.vn\/en\/\",\"logo\":{\"@type\":\"ImageObject\",\"inLanguage\":\"en-US\",\"@id\":\"https:\/\/biolg.vn\/en\/#\/schema\/logo\/image\/\",\"url\":\"https:\/\/biolg.vn\/wp-content\/uploads\/2024\/05\/Logo-BioLG.png\",\"contentUrl\":\"https:\/\/biolg.vn\/wp-content\/uploads\/2024\/05\/Logo-BioLG.png\",\"width\":1600,\"height\":690,\"caption\":\"C\u00f4ng ty d\u01b0\u1ee3c ph\u1ea9m BioLG\"},\"image\":{\"@id\":\"https:\/\/biolg.vn\/en\/#\/schema\/logo\/image\/\"},\"sameAs\":[\"https:\/\/www.facebook.com\/profile.php?id=100083967914394\",\"https:\/\/www.youtube.com\/channel\/UCmmb_WhuoyxvzN5al6d_D-g\",\"https:\/\/www.tiktok.com\/@biolg.2020\"]}]}<\/script>\n<!-- \/ Yoast SEO plugin. -->","yoast_head_json":{"title":"BIOLG B\u1ed4 T\u1ef2 \u0102N NGON - C\u1ed1m vi sinh t\u00edch h\u1ee3p th\u1ebf h\u1ec7 m\u1edbi","description":"BioLG B\u1ed5 t\u1ef3 \u0103n ngon l\u00e0 s\u1ea3n ph\u1ea9m c\u1ed1m vi sinh t\u00edch h\u1ee3p, v\u1edbi c\u00f4ng th\u1ee9c b\u00e0o ch\u1ebf \u0111\u1ed9t ph\u00e1 5IN1, \u0111em l\u1ea1i t\u00e1c d\u1ee5ng v\u01b0\u1ee3t tr\u1ed9i gi\u00fap \u0103n ngon mi\u1ec7ng, t\u0103ng \u0111\u1ec1 kh\u00e1ng","robots":{"index":"index","follow":"follow","max-snippet":"max-snippet:-1","max-image-preview":"max-image-preview:large","max-video-preview":"max-video-preview:-1"},"canonical":"https:\/\/biolg.vn\/en\/san-pham\/com-enzyme-biolg-bo-ty-an-ngon\/","og_locale":"en_US","og_type":"article","og_title":"BIOLG B\u1ed4 T\u1ef2 \u0102N NGON - C\u1ed1m vi sinh t\u00edch h\u1ee3p th\u1ebf h\u1ec7 m\u1edbi","og_description":"BioLG B\u1ed5 t\u1ef3 \u0103n ngon l\u00e0 s\u1ea3n ph\u1ea9m c\u1ed1m vi sinh t\u00edch h\u1ee3p, v\u1edbi c\u00f4ng th\u1ee9c b\u00e0o ch\u1ebf \u0111\u1ed9t ph\u00e1 5IN1, \u0111em l\u1ea1i t\u00e1c d\u1ee5ng v\u01b0\u1ee3t tr\u1ed9i gi\u00fap \u0103n ngon mi\u1ec7ng, t\u0103ng \u0111\u1ec1 kh\u00e1ng","og_url":"https:\/\/biolg.vn\/en\/san-pham\/com-enzyme-biolg-bo-ty-an-ngon\/","og_site_name":"C\u00f4ng ty d\u01b0\u1ee3c ph\u1ea9m BioLG","article_publisher":"https:\/\/www.facebook.com\/profile.php?id=100083967914394","article_modified_time":"2025-12-10T04:16:05+00:00","og_image":[{"width":1200,"height":1201,"url":"https:\/\/biolg.vn\/wp-content\/uploads\/2024\/04\/TIKTOK_new-mockup-3-sp-27.png","type":"image\/png"}],"twitter_card":"summary_large_image","twitter_misc":{"Est. reading time":"1 minute"},"schema":{"@context":"https:\/\/schema.org","@graph":[{"@type":"WebPage","@id":"https:\/\/biolg.vn\/en\/san-pham\/com-enzyme-biolg-bo-ty-an-ngon\/","url":"https:\/\/biolg.vn\/en\/san-pham\/com-enzyme-biolg-bo-ty-an-ngon\/","name":"BIOLG B\u1ed4 T\u1ef2 \u0102N NGON - C\u1ed1m vi sinh t\u00edch h\u1ee3p th\u1ebf h\u1ec7 m\u1edbi","isPartOf":{"@id":"https:\/\/biolg.vn\/en\/#website"},"primaryImageOfPage":{"@id":"https:\/\/biolg.vn\/en\/san-pham\/com-enzyme-biolg-bo-ty-an-ngon\/#primaryimage"},"image":{"@id":"https:\/\/biolg.vn\/en\/san-pham\/com-enzyme-biolg-bo-ty-an-ngon\/#primaryimage"},"thumbnailUrl":"https:\/\/biolg.vn\/wp-content\/uploads\/2024\/04\/TIKTOK_new-mockup-3-sp-27.png","datePublished":"2024-04-12T10:08:38+00:00","dateModified":"2025-12-10T04:16:05+00:00","description":"BioLG B\u1ed5 t\u1ef3 \u0103n ngon l\u00e0 s\u1ea3n ph\u1ea9m c\u1ed1m vi sinh t\u00edch h\u1ee3p, v\u1edbi c\u00f4ng th\u1ee9c b\u00e0o ch\u1ebf \u0111\u1ed9t ph\u00e1 5IN1, \u0111em l\u1ea1i t\u00e1c d\u1ee5ng v\u01b0\u1ee3t tr\u1ed9i gi\u00fap \u0103n ngon mi\u1ec7ng, t\u0103ng \u0111\u1ec1 kh\u00e1ng","breadcrumb":{"@id":"https:\/\/biolg.vn\/en\/san-pham\/com-enzyme-biolg-bo-ty-an-ngon\/#breadcrumb"},"inLanguage":"en-US","potentialAction":[{"@type":"ReadAction","target":["https:\/\/biolg.vn\/en\/san-pham\/com-enzyme-biolg-bo-ty-an-ngon\/"]}]},{"@type":"ImageObject","inLanguage":"en-US","@id":"https:\/\/biolg.vn\/en\/san-pham\/com-enzyme-biolg-bo-ty-an-ngon\/#primaryimage","url":"https:\/\/biolg.vn\/wp-content\/uploads\/2024\/04\/TIKTOK_new-mockup-3-sp-27.png","contentUrl":"https:\/\/biolg.vn\/wp-content\/uploads\/2024\/04\/TIKTOK_new-mockup-3-sp-27.png","width":1200,"height":1201},{"@type":"BreadcrumbList","@id":"https:\/\/biolg.vn\/en\/san-pham\/com-enzyme-biolg-bo-ty-an-ngon\/#breadcrumb","itemListElement":[{"@type":"ListItem","position":1,"name":"Home","item":"https:\/\/biolg.vn\/en\/trang-chu\/"},{"@type":"ListItem","position":2,"name":"Shop","item":"https:\/\/biolg.vn\/shop\/"},{"@type":"ListItem","position":3,"name":"BIOLG B\u1ed4 T\u1ef2 \u0102N NGON &#8211; H\u1ed7 tr\u1ee3 b\u1ed5 t\u1ef3, h\u1ed7 tr\u1ee3 b\u1ed3i b\u1ed5 c\u01a1 th\u1ec3, h\u1ed7 tr\u1ee3 gi\u00fap \u0103n ngon mi\u1ec7ng, h\u1ed7 tr\u1ee3 t\u0103ng c\u01b0\u1eddng s\u1ee9c \u0111\u1ec1 kh\u00e1ng"}]},{"@type":"WebSite","@id":"https:\/\/biolg.vn\/en\/#website","url":"https:\/\/biolg.vn\/en\/","name":"C\u00f4ng ty d\u01b0\u1ee3c ph\u1ea9m BioLG","description":"Y\u00eau th\u01b0\u01a1ng v\u00e0 b\u1ea3o v\u1ec7","publisher":{"@id":"https:\/\/biolg.vn\/en\/#organization"},"potentialAction":[{"@type":"SearchAction","target":{"@type":"EntryPoint","urlTemplate":"https:\/\/biolg.vn\/en\/?s={search_term_string}"},"query-input":{"@type":"PropertyValueSpecification","valueRequired":true,"valueName":"search_term_string"}}],"inLanguage":"en-US"},{"@type":"Organization","@id":"https:\/\/biolg.vn\/en\/#organization","name":"C\u00f4ng ty d\u01b0\u1ee3c ph\u1ea9m BioLG","url":"https:\/\/biolg.vn\/en\/","logo":{"@type":"ImageObject","inLanguage":"en-US","@id":"https:\/\/biolg.vn\/en\/#\/schema\/logo\/image\/","url":"https:\/\/biolg.vn\/wp-content\/uploads\/2024\/05\/Logo-BioLG.png","contentUrl":"https:\/\/biolg.vn\/wp-content\/uploads\/2024\/05\/Logo-BioLG.png","width":1600,"height":690,"caption":"C\u00f4ng ty d\u01b0\u1ee3c ph\u1ea9m BioLG"},"image":{"@id":"https:\/\/biolg.vn\/en\/#\/schema\/logo\/image\/"},"sameAs":["https:\/\/www.facebook.com\/profile.php?id=100083967914394","https:\/\/www.youtube.com\/channel\/UCmmb_WhuoyxvzN5al6d_D-g","https:\/\/www.tiktok.com\/@biolg.2020"]}]}},"_links":{"self":[{"href":"https:\/\/biolg.vn\/en\/wp-json\/wp\/v2\/product\/28","targetHints":{"allow":["GET"]}}],"collection":[{"href":"https:\/\/biolg.vn\/en\/wp-json\/wp\/v2\/product"}],"about":[{"href":"https:\/\/biolg.vn\/en\/wp-json\/wp\/v2\/types\/product"}],"replies":[{"embeddable":true,"href":"https:\/\/biolg.vn\/en\/wp-json\/wp\/v2\/comments?post=28"}],"wp:featuredmedia":[{"embeddable":true,"href":"https:\/\/biolg.vn\/en\/wp-json\/wp\/v2\/media\/8540"}],"wp:attachment":[{"href":"https:\/\/biolg.vn\/en\/wp-json\/wp\/v2\/media?parent=28"}],"wp:term":[{"taxonomy":"product_cat","embeddable":true,"href":"https:\/\/biolg.vn\/en\/wp-json\/wp\/v2\/product_cat?post=28"},{"taxonomy":"product_tag","embeddable":true,"href":"https:\/\/biolg.vn\/en\/wp-json\/wp\/v2\/product_tag?post=28"}],"curies":[{"name":"wp","href":"https:\/\/api.w.org\/{rel}","templated":true}]}}