{"id":32,"date":"2024-04-12T10:11:23","date_gmt":"2024-04-12T10:11:23","guid":{"rendered":"https:\/\/biolg.vn\/?post_type=product&#038;p=32"},"modified":"2025-05-20T16:24:52","modified_gmt":"2025-05-20T09:24:52","slug":"biolg-mom-baby-ho-tro-giam-tao-bon-roi-loan-tieu-hoa","status":"publish","type":"product","link":"https:\/\/biolg.vn\/en\/san-pham\/biolg-mom-baby-ho-tro-giam-tao-bon-roi-loan-tieu-hoa\/","title":{"rendered":"BIOLG MOM &#038; BABY &#8211; H\u1ed7 tr\u1ee3 gi\u1ea3m t\u00e1o b\u00f3n, r\u1ed1i lo\u1ea1n ti\u00eau h\u00f3a do lo\u1ea1n khu\u1ea9n \u0111\u01b0\u1eddng ru\u1ed9t"},"content":{"rendered":"<p><span style=\"font-weight: 400;\">BIOLG MOM &amp; BABY<\/span><\/p>\n<p>&#8211; H\u1ed7 tr\u1ee3 gi\u00fap b\u1ed5 sung ch\u1ea5t x\u01a1 cho c\u01a1 th\u1ec3<\/p>\n<p>&#8211; H\u1ed7 tr\u1ee3 gi\u00fap c\u00e2n b\u1eb1ng h\u1ec7 vi sinh \u0111\u01b0\u1eddng ru\u1ed9t<\/p>\n<p>&#8211; H\u1ed7 tr\u1ee3 gi\u1ea3m t\u00e1o b\u00f3n, r\u1ed1i lo\u1ea1n ti\u00eau h\u00f3a do lo\u1ea1n khu\u1ea9n \u0111\u01b0\u1eddng ru\u1ed9t<\/p>\n<p>Xu\u1ea5t x\u1ee9: Vi\u1ec7t Nam<\/p>\n<div id=\"eJOY__extension_root\" class=\"eJOY__extension_root_class\" style=\"all: unset;\"><strong><em>(*) S\u1ea3n ph\u1ea9m n\u00e0y kh\u00f4ng ph\u1ea3i l\u00e0 thu\u1ed1c, kh\u00f4ng c\u00f3 t\u00e1c d\u1ee5ng thay th\u1ebf thu\u1ed1c ch\u1eefa b\u1ec7nh.\u00a0<\/em><\/strong><\/div>\n","protected":false},"excerpt":{"rendered":"[elementor-template id=\"7001\"]\n<div id=\"eJOY__extension_root\" class=\"eJOY__extension_root_class\" style=\"all: unset;\"><\/div>\n","protected":false},"featured_media":8303,"comment_status":"open","ping_status":"closed","template":"","meta":{"_acf_changed":false},"product_cat":[18,17],"product_tag":[],"class_list":{"0":"post-32","1":"product","2":"type-product","3":"status-publish","4":"has-post-thumbnail","6":"product_cat-me-va-be","7":"product_cat-tieu-hoa","9":"first","10":"instock","11":"shipping-taxable","12":"purchasable","13":"product-type-simple"},"acf":[],"yoast_head":"<!-- This site is optimized with the Yoast SEO plugin v25.1 - https:\/\/yoast.com\/wordpress\/plugins\/seo\/ -->\n<title>BIOLG MOM &amp; BABY - H\u1ed7 tr\u1ee3 gi\u1ea3m t\u00e1o b\u00f3n, r\u1ed1i lo\u1ea1n ti\u00eau ho\u00e1<\/title>\n<meta name=\"description\" content=\"BIOLG MOM &amp; BABY gi\u00fap b\u1ed5 sung ch\u1ea5t x\u01a1 cho c\u01a1 th\u1ebf, gi\u00fap c\u00e2n b\u1eb1ng h\u1ec7 vi sinh \u0111\u01b0\u1eddng ru\u1ed9t. H\u1ed7 tr\u1ee3 gi\u1ea3m t\u00e1o b\u00f3n, r\u1ed1i lo\u1ea1n ti\u00eau h\u00f3a do lo\u1ea1n khu\u1ea9n \u0111\u01b0\u1eddng ru\u1ed9t.\" \/>\n<meta name=\"robots\" content=\"index, follow, max-snippet:-1, max-image-preview:large, max-video-preview:-1\" \/>\n<link rel=\"canonical\" href=\"https:\/\/biolg.vn\/en\/san-pham\/biolg-mom-baby-ho-tro-giam-tao-bon-roi-loan-tieu-hoa\/\" \/>\n<meta property=\"og:locale\" content=\"en_US\" \/>\n<meta property=\"og:type\" content=\"article\" \/>\n<meta property=\"og:title\" content=\"BIOLG MOM &amp; BABY - H\u1ed7 tr\u1ee3 gi\u1ea3m t\u00e1o b\u00f3n, r\u1ed1i lo\u1ea1n ti\u00eau ho\u00e1\" \/>\n<meta property=\"og:description\" content=\"BIOLG MOM &amp; BABY gi\u00fap b\u1ed5 sung ch\u1ea5t x\u01a1 cho c\u01a1 th\u1ebf, gi\u00fap c\u00e2n b\u1eb1ng h\u1ec7 vi sinh \u0111\u01b0\u1eddng ru\u1ed9t. H\u1ed7 tr\u1ee3 gi\u1ea3m t\u00e1o b\u00f3n, r\u1ed1i lo\u1ea1n ti\u00eau h\u00f3a do lo\u1ea1n khu\u1ea9n \u0111\u01b0\u1eddng ru\u1ed9t.\" \/>\n<meta property=\"og:url\" content=\"https:\/\/biolg.vn\/en\/san-pham\/biolg-mom-baby-ho-tro-giam-tao-bon-roi-loan-tieu-hoa\/\" \/>\n<meta property=\"og:site_name\" content=\"C\u00f4ng ty d\u01b0\u1ee3c ph\u1ea9m BioLG\" \/>\n<meta property=\"article:publisher\" content=\"https:\/\/www.facebook.com\/profile.php?id=100083967914394\" \/>\n<meta property=\"article:modified_time\" content=\"2025-05-20T09:24:52+00:00\" \/>\n<meta property=\"og:image\" content=\"https:\/\/biolg.vn\/wp-content\/uploads\/2024\/04\/anh-web_tong-hop-04-1024x1024.png\" \/>\n\t<meta property=\"og:image:width\" content=\"1024\" \/>\n\t<meta property=\"og:image:height\" content=\"1024\" \/>\n\t<meta property=\"og:image:type\" content=\"image\/png\" \/>\n<meta name=\"twitter:card\" content=\"summary_large_image\" \/>\n<meta name=\"twitter:label1\" content=\"Est. reading time\" \/>\n\t<meta name=\"twitter:data1\" content=\"1 minute\" \/>\n<script type=\"application\/ld+json\" class=\"yoast-schema-graph\">{\"@context\":\"https:\/\/schema.org\",\"@graph\":[{\"@type\":\"WebPage\",\"@id\":\"https:\/\/biolg.vn\/en\/san-pham\/biolg-mom-baby-ho-tro-giam-tao-bon-roi-loan-tieu-hoa\/\",\"url\":\"https:\/\/biolg.vn\/en\/san-pham\/biolg-mom-baby-ho-tro-giam-tao-bon-roi-loan-tieu-hoa\/\",\"name\":\"BIOLG MOM & BABY - H\u1ed7 tr\u1ee3 gi\u1ea3m t\u00e1o b\u00f3n, r\u1ed1i lo\u1ea1n ti\u00eau ho\u00e1\",\"isPartOf\":{\"@id\":\"https:\/\/biolg.vn\/en\/#website\"},\"primaryImageOfPage\":{\"@id\":\"https:\/\/biolg.vn\/en\/san-pham\/biolg-mom-baby-ho-tro-giam-tao-bon-roi-loan-tieu-hoa\/#primaryimage\"},\"image\":{\"@id\":\"https:\/\/biolg.vn\/en\/san-pham\/biolg-mom-baby-ho-tro-giam-tao-bon-roi-loan-tieu-hoa\/#primaryimage\"},\"thumbnailUrl\":\"https:\/\/biolg.vn\/wp-content\/uploads\/2024\/04\/anh-web_tong-hop-04.png\",\"datePublished\":\"2024-04-12T10:11:23+00:00\",\"dateModified\":\"2025-05-20T09:24:52+00:00\",\"description\":\"BIOLG MOM & BABY gi\u00fap b\u1ed5 sung ch\u1ea5t x\u01a1 cho c\u01a1 th\u1ebf, gi\u00fap c\u00e2n b\u1eb1ng h\u1ec7 vi sinh \u0111\u01b0\u1eddng ru\u1ed9t. H\u1ed7 tr\u1ee3 gi\u1ea3m t\u00e1o b\u00f3n, r\u1ed1i lo\u1ea1n ti\u00eau h\u00f3a do lo\u1ea1n khu\u1ea9n \u0111\u01b0\u1eddng ru\u1ed9t.\",\"breadcrumb\":{\"@id\":\"https:\/\/biolg.vn\/en\/san-pham\/biolg-mom-baby-ho-tro-giam-tao-bon-roi-loan-tieu-hoa\/#breadcrumb\"},\"inLanguage\":\"en-US\",\"potentialAction\":[{\"@type\":\"ReadAction\",\"target\":[\"https:\/\/biolg.vn\/en\/san-pham\/biolg-mom-baby-ho-tro-giam-tao-bon-roi-loan-tieu-hoa\/\"]}]},{\"@type\":\"ImageObject\",\"inLanguage\":\"en-US\",\"@id\":\"https:\/\/biolg.vn\/en\/san-pham\/biolg-mom-baby-ho-tro-giam-tao-bon-roi-loan-tieu-hoa\/#primaryimage\",\"url\":\"https:\/\/biolg.vn\/wp-content\/uploads\/2024\/04\/anh-web_tong-hop-04.png\",\"contentUrl\":\"https:\/\/biolg.vn\/wp-content\/uploads\/2024\/04\/anh-web_tong-hop-04.png\",\"width\":3334,\"height\":3334},{\"@type\":\"BreadcrumbList\",\"@id\":\"https:\/\/biolg.vn\/en\/san-pham\/biolg-mom-baby-ho-tro-giam-tao-bon-roi-loan-tieu-hoa\/#breadcrumb\",\"itemListElement\":[{\"@type\":\"ListItem\",\"position\":1,\"name\":\"Home\",\"item\":\"https:\/\/biolg.vn\/en\/trang-chu\/\"},{\"@type\":\"ListItem\",\"position\":2,\"name\":\"Shop\",\"item\":\"https:\/\/biolg.vn\/shop\/\"},{\"@type\":\"ListItem\",\"position\":3,\"name\":\"BIOLG MOM &#038; BABY &#8211; H\u1ed7 tr\u1ee3 gi\u1ea3m t\u00e1o b\u00f3n, r\u1ed1i lo\u1ea1n ti\u00eau h\u00f3a do lo\u1ea1n khu\u1ea9n \u0111\u01b0\u1eddng ru\u1ed9t\"}]},{\"@type\":\"WebSite\",\"@id\":\"https:\/\/biolg.vn\/en\/#website\",\"url\":\"https:\/\/biolg.vn\/en\/\",\"name\":\"C\u00f4ng ty d\u01b0\u1ee3c ph\u1ea9m BioLG\",\"description\":\"Y\u00eau th\u01b0\u01a1ng v\u00e0 b\u1ea3o v\u1ec7\",\"publisher\":{\"@id\":\"https:\/\/biolg.vn\/en\/#organization\"},\"potentialAction\":[{\"@type\":\"SearchAction\",\"target\":{\"@type\":\"EntryPoint\",\"urlTemplate\":\"https:\/\/biolg.vn\/en\/?s={search_term_string}\"},\"query-input\":{\"@type\":\"PropertyValueSpecification\",\"valueRequired\":true,\"valueName\":\"search_term_string\"}}],\"inLanguage\":\"en-US\"},{\"@type\":\"Organization\",\"@id\":\"https:\/\/biolg.vn\/en\/#organization\",\"name\":\"C\u00f4ng ty d\u01b0\u1ee3c ph\u1ea9m BioLG\",\"url\":\"https:\/\/biolg.vn\/en\/\",\"logo\":{\"@type\":\"ImageObject\",\"inLanguage\":\"en-US\",\"@id\":\"https:\/\/biolg.vn\/en\/#\/schema\/logo\/image\/\",\"url\":\"https:\/\/biolg.vn\/wp-content\/uploads\/2024\/05\/Logo-BioLG.png\",\"contentUrl\":\"https:\/\/biolg.vn\/wp-content\/uploads\/2024\/05\/Logo-BioLG.png\",\"width\":1600,\"height\":690,\"caption\":\"C\u00f4ng ty d\u01b0\u1ee3c ph\u1ea9m BioLG\"},\"image\":{\"@id\":\"https:\/\/biolg.vn\/en\/#\/schema\/logo\/image\/\"},\"sameAs\":[\"https:\/\/www.facebook.com\/profile.php?id=100083967914394\",\"https:\/\/www.youtube.com\/channel\/UCmmb_WhuoyxvzN5al6d_D-g\",\"https:\/\/www.tiktok.com\/@biolg.2020\"]}]}<\/script>\n<!-- \/ Yoast SEO plugin. -->","yoast_head_json":{"title":"BIOLG MOM & BABY - H\u1ed7 tr\u1ee3 gi\u1ea3m t\u00e1o b\u00f3n, r\u1ed1i lo\u1ea1n ti\u00eau ho\u00e1","description":"BIOLG MOM & BABY gi\u00fap b\u1ed5 sung ch\u1ea5t x\u01a1 cho c\u01a1 th\u1ebf, gi\u00fap c\u00e2n b\u1eb1ng h\u1ec7 vi sinh \u0111\u01b0\u1eddng ru\u1ed9t. H\u1ed7 tr\u1ee3 gi\u1ea3m t\u00e1o b\u00f3n, r\u1ed1i lo\u1ea1n ti\u00eau h\u00f3a do lo\u1ea1n khu\u1ea9n \u0111\u01b0\u1eddng ru\u1ed9t.","robots":{"index":"index","follow":"follow","max-snippet":"max-snippet:-1","max-image-preview":"max-image-preview:large","max-video-preview":"max-video-preview:-1"},"canonical":"https:\/\/biolg.vn\/en\/san-pham\/biolg-mom-baby-ho-tro-giam-tao-bon-roi-loan-tieu-hoa\/","og_locale":"en_US","og_type":"article","og_title":"BIOLG MOM & BABY - H\u1ed7 tr\u1ee3 gi\u1ea3m t\u00e1o b\u00f3n, r\u1ed1i lo\u1ea1n ti\u00eau ho\u00e1","og_description":"BIOLG MOM & BABY gi\u00fap b\u1ed5 sung ch\u1ea5t x\u01a1 cho c\u01a1 th\u1ebf, gi\u00fap c\u00e2n b\u1eb1ng h\u1ec7 vi sinh \u0111\u01b0\u1eddng ru\u1ed9t. H\u1ed7 tr\u1ee3 gi\u1ea3m t\u00e1o b\u00f3n, r\u1ed1i lo\u1ea1n ti\u00eau h\u00f3a do lo\u1ea1n khu\u1ea9n \u0111\u01b0\u1eddng ru\u1ed9t.","og_url":"https:\/\/biolg.vn\/en\/san-pham\/biolg-mom-baby-ho-tro-giam-tao-bon-roi-loan-tieu-hoa\/","og_site_name":"C\u00f4ng ty d\u01b0\u1ee3c ph\u1ea9m BioLG","article_publisher":"https:\/\/www.facebook.com\/profile.php?id=100083967914394","article_modified_time":"2025-05-20T09:24:52+00:00","og_image":[{"width":1024,"height":1024,"url":"https:\/\/biolg.vn\/wp-content\/uploads\/2024\/04\/anh-web_tong-hop-04-1024x1024.png","type":"image\/png"}],"twitter_card":"summary_large_image","twitter_misc":{"Est. reading time":"1 minute"},"schema":{"@context":"https:\/\/schema.org","@graph":[{"@type":"WebPage","@id":"https:\/\/biolg.vn\/en\/san-pham\/biolg-mom-baby-ho-tro-giam-tao-bon-roi-loan-tieu-hoa\/","url":"https:\/\/biolg.vn\/en\/san-pham\/biolg-mom-baby-ho-tro-giam-tao-bon-roi-loan-tieu-hoa\/","name":"BIOLG MOM & BABY - H\u1ed7 tr\u1ee3 gi\u1ea3m t\u00e1o b\u00f3n, r\u1ed1i lo\u1ea1n ti\u00eau ho\u00e1","isPartOf":{"@id":"https:\/\/biolg.vn\/en\/#website"},"primaryImageOfPage":{"@id":"https:\/\/biolg.vn\/en\/san-pham\/biolg-mom-baby-ho-tro-giam-tao-bon-roi-loan-tieu-hoa\/#primaryimage"},"image":{"@id":"https:\/\/biolg.vn\/en\/san-pham\/biolg-mom-baby-ho-tro-giam-tao-bon-roi-loan-tieu-hoa\/#primaryimage"},"thumbnailUrl":"https:\/\/biolg.vn\/wp-content\/uploads\/2024\/04\/anh-web_tong-hop-04.png","datePublished":"2024-04-12T10:11:23+00:00","dateModified":"2025-05-20T09:24:52+00:00","description":"BIOLG MOM & BABY gi\u00fap b\u1ed5 sung ch\u1ea5t x\u01a1 cho c\u01a1 th\u1ebf, gi\u00fap c\u00e2n b\u1eb1ng h\u1ec7 vi sinh \u0111\u01b0\u1eddng ru\u1ed9t. H\u1ed7 tr\u1ee3 gi\u1ea3m t\u00e1o b\u00f3n, r\u1ed1i lo\u1ea1n ti\u00eau h\u00f3a do lo\u1ea1n khu\u1ea9n \u0111\u01b0\u1eddng ru\u1ed9t.","breadcrumb":{"@id":"https:\/\/biolg.vn\/en\/san-pham\/biolg-mom-baby-ho-tro-giam-tao-bon-roi-loan-tieu-hoa\/#breadcrumb"},"inLanguage":"en-US","potentialAction":[{"@type":"ReadAction","target":["https:\/\/biolg.vn\/en\/san-pham\/biolg-mom-baby-ho-tro-giam-tao-bon-roi-loan-tieu-hoa\/"]}]},{"@type":"ImageObject","inLanguage":"en-US","@id":"https:\/\/biolg.vn\/en\/san-pham\/biolg-mom-baby-ho-tro-giam-tao-bon-roi-loan-tieu-hoa\/#primaryimage","url":"https:\/\/biolg.vn\/wp-content\/uploads\/2024\/04\/anh-web_tong-hop-04.png","contentUrl":"https:\/\/biolg.vn\/wp-content\/uploads\/2024\/04\/anh-web_tong-hop-04.png","width":3334,"height":3334},{"@type":"BreadcrumbList","@id":"https:\/\/biolg.vn\/en\/san-pham\/biolg-mom-baby-ho-tro-giam-tao-bon-roi-loan-tieu-hoa\/#breadcrumb","itemListElement":[{"@type":"ListItem","position":1,"name":"Home","item":"https:\/\/biolg.vn\/en\/trang-chu\/"},{"@type":"ListItem","position":2,"name":"Shop","item":"https:\/\/biolg.vn\/shop\/"},{"@type":"ListItem","position":3,"name":"BIOLG MOM &#038; BABY &#8211; H\u1ed7 tr\u1ee3 gi\u1ea3m t\u00e1o b\u00f3n, r\u1ed1i lo\u1ea1n ti\u00eau h\u00f3a do lo\u1ea1n khu\u1ea9n \u0111\u01b0\u1eddng ru\u1ed9t"}]},{"@type":"WebSite","@id":"https:\/\/biolg.vn\/en\/#website","url":"https:\/\/biolg.vn\/en\/","name":"C\u00f4ng ty d\u01b0\u1ee3c ph\u1ea9m BioLG","description":"Y\u00eau th\u01b0\u01a1ng v\u00e0 b\u1ea3o v\u1ec7","publisher":{"@id":"https:\/\/biolg.vn\/en\/#organization"},"potentialAction":[{"@type":"SearchAction","target":{"@type":"EntryPoint","urlTemplate":"https:\/\/biolg.vn\/en\/?s={search_term_string}"},"query-input":{"@type":"PropertyValueSpecification","valueRequired":true,"valueName":"search_term_string"}}],"inLanguage":"en-US"},{"@type":"Organization","@id":"https:\/\/biolg.vn\/en\/#organization","name":"C\u00f4ng ty d\u01b0\u1ee3c ph\u1ea9m BioLG","url":"https:\/\/biolg.vn\/en\/","logo":{"@type":"ImageObject","inLanguage":"en-US","@id":"https:\/\/biolg.vn\/en\/#\/schema\/logo\/image\/","url":"https:\/\/biolg.vn\/wp-content\/uploads\/2024\/05\/Logo-BioLG.png","contentUrl":"https:\/\/biolg.vn\/wp-content\/uploads\/2024\/05\/Logo-BioLG.png","width":1600,"height":690,"caption":"C\u00f4ng ty d\u01b0\u1ee3c ph\u1ea9m BioLG"},"image":{"@id":"https:\/\/biolg.vn\/en\/#\/schema\/logo\/image\/"},"sameAs":["https:\/\/www.facebook.com\/profile.php?id=100083967914394","https:\/\/www.youtube.com\/channel\/UCmmb_WhuoyxvzN5al6d_D-g","https:\/\/www.tiktok.com\/@biolg.2020"]}]}},"_links":{"self":[{"href":"https:\/\/biolg.vn\/en\/wp-json\/wp\/v2\/product\/32","targetHints":{"allow":["GET"]}}],"collection":[{"href":"https:\/\/biolg.vn\/en\/wp-json\/wp\/v2\/product"}],"about":[{"href":"https:\/\/biolg.vn\/en\/wp-json\/wp\/v2\/types\/product"}],"replies":[{"embeddable":true,"href":"https:\/\/biolg.vn\/en\/wp-json\/wp\/v2\/comments?post=32"}],"wp:featuredmedia":[{"embeddable":true,"href":"https:\/\/biolg.vn\/en\/wp-json\/wp\/v2\/media\/8303"}],"wp:attachment":[{"href":"https:\/\/biolg.vn\/en\/wp-json\/wp\/v2\/media?parent=32"}],"wp:term":[{"taxonomy":"product_cat","embeddable":true,"href":"https:\/\/biolg.vn\/en\/wp-json\/wp\/v2\/product_cat?post=32"},{"taxonomy":"product_tag","embeddable":true,"href":"https:\/\/biolg.vn\/en\/wp-json\/wp\/v2\/product_tag?post=32"}],"curies":[{"name":"wp","href":"https:\/\/api.w.org\/{rel}","templated":true}]}}