{"id":8266,"date":"2024-08-06T10:38:45","date_gmt":"2024-08-06T03:38:45","guid":{"rendered":"https:\/\/biolg.vn\/?post_type=product&#038;p=8266"},"modified":"2025-05-20T16:18:12","modified_gmt":"2025-05-20T09:18:12","slug":"biolg-fiber-men-vi-sinh-chuyen-biet-cho-nguoi-tao-bon","status":"publish","type":"product","link":"https:\/\/biolg.vn\/en\/san-pham\/biolg-fiber-men-vi-sinh-chuyen-biet-cho-nguoi-tao-bon\/","title":{"rendered":"BioLG Fiber &#8211; H\u1ed7 tr\u1ee3 gi\u1ea3m t\u00e1o b\u00f3n"},"content":{"rendered":"<p>BioLG Fiber l\u00e0 s\u1ea3n ph\u1ea9m chuy\u00ean bi\u1ec7t cho ng\u01b0\u1eddi b\u1ecb t\u00e1o b\u00f3n v\u1edbi c\u00e1c \u01b0u \u0111i\u1ec3m v\u01b0\u1ee3t tr\u1ed9i sau:<\/p>\n<p>1. S\u1ea3n ph\u1ea9m \u0111\u01b0\u1ee3c nghi\u00ean c\u1ee9u v\u00e0 ph\u00e1t tri\u1ec3n \u0111\u1eb7c bi\u1ec7t d\u00e0nh cho tr\u1ebb em v\u00e0 ng\u01b0\u1eddi l\u1edbn b\u1ecb t\u00e1o b\u00f3n, v\u1edbi li\u1ec1u l\u01b0\u1ee3ng v\u00e0 th\u00e0nh ph\u1ea7n ph\u00f9 h\u1ee3p \u0111\u1ec3 c\u1ea3i thi\u1ec7n t\u00ecnh tr\u1ea1ng n\u00e0y. &#8211; K\u1ebft h\u1ee3p gi\u1eefa prebiotic, probiotic v\u00e0 postbiotic: S\u1ea3n ph\u1ea9m kh\u00f4ng ch\u1ec9 ch\u1ee9a l\u1ee3i khu\u1ea9n (probiotic) m\u00e0 c\u00f2n b\u1ed5 sung c\u1ea3 ch\u1ea5t x\u01a1 (prebiotic) \u0111\u1ec3 nu\u00f4i d\u01b0\u1ee1ng l\u1ee3i khu\u1ea9n, v\u00e0 postbiotic gi\u00fap t\u0103ng c\u01b0\u1eddng s\u1ee9c kh\u1ecfe \u0111\u01b0\u1eddng ru\u1ed9t m\u1ed9t c\u00e1ch to\u00e0n di\u1ec7n.<\/p>\n<p>+ 3 t\u1ef7 l\u1ee3i khu\u1ea9n \u0111\u1ed9c quy\u1ec1n c\u1ee7a BioLG, \u0111\u1eb7c bi\u1ec7t ch\u1ee7ng Bacillus coagulans v\u1edbi m\u1eadt \u0111\u1ed9 l\u1ee3i khu\u1ea9n cao \u0111\u00e3 c\u00f3 nhi\u1ec1u nghi\u00ean c\u1ee9u l\u00e2m s\u00e0ng ch\u1ee9ng minh hi\u1ec7u qu\u1ea3 gi\u00fap gi\u1ea3m t\u00e1o b\u00f3n<\/p>\n<p>+ Ch\u1ea5t x\u01a1 ho\u00e0 tan Orafti GR gi\u00fap l\u00e0m m\u1ec1m ph\u00e2n, t\u0103ng kh\u1ed1i l\u01b0\u1ee3ng v\u00e0 k\u00edch th\u00edch nhu \u0111\u1ed9ng ru\u1ed9t, h\u1ed7 tr\u1ee3 hi\u1ec7u qu\u1ea3 trong vi\u1ec7c gi\u1ea3m t\u00e1o b\u00f3n.<\/p>\n<p>+ Postbiotic: Men vi sinh th\u1ebf h\u1ec7 m\u1edbi, \u0111\u01b0\u1ee3c coi l\u00e0 gi\u1ea3i ph\u00e1p ti\u1ec1m n\u0103ng cho c\u00e1c v\u1ea5n \u0111\u1ec1 ti\u00eau ho\u00e1.<\/p>\n<p>&#8211; B\u1ed5 sung th\u00eam Acid amin, K\u1ebdm: gi\u00fap c\u1ea3i thi\u1ec7n v\u1ecb gi\u00e1c, k\u00edch th\u00edch \u0103n ngon m\u1ed9t c\u00e1ch t\u1ef1 nhi\u00ean, kh\u00f4ng g\u00e2y ph\u1ee5 thu\u1ed9c.<\/p>\n<p>&#8211; Betaglucan &amp; Cao men bia: T\u0103ng c\u01b0\u1eddng h\u1ec7 mi\u1ec5n d\u1ecbch t\u1eeb \u0111\u00f3 g\u00f3p ph\u1ea7n b\u1ea3o v\u1ec7 h\u1ec7 ti\u00eau h\u00f3a tr\u01b0\u1edbc s\u1ef1 t\u1ea5n c\u00f4ng c\u1ee7a c\u00e1c h\u1ea1i khu\u1ea9n v\u00e0 sau c\u00f9ng l\u00e0 gi\u1ea3m nguy c\u01a1 m\u1eafc c\u00e1c b\u1ec7nh l\u00fd li\u00ean quan \u0111\u1ebfn h\u1ec7 ti\u00eau h\u00f3a<\/p>\n<p>2. D\u1ea1ng c\u1ed1m d\u1ec5 s\u1eed d\u1ee5ng: d\u1ec5 d\u00e0ng h\u00f2a tan trong n\u01b0\u1edbc ho\u1eb7c th\u1ee9c \u0103n, ti\u1ec7n l\u1ee3i cho vi\u1ec7c s\u1eed d\u1ee5ng h\u00e0ng ng\u00e0y.<\/p>\n<p>Xu\u1ea5t x\u1ee9: Vi\u1ec7t Nam<\/p>\n<p><strong><em>(*) S\u1ea3n ph\u1ea9m n\u00e0y kh\u00f4ng ph\u1ea3i l\u00e0 thu\u1ed1c, kh\u00f4ng c\u00f3 t\u00e1c d\u1ee5ng thay th\u1ebf thu\u1ed1c ch\u1eefa b\u1ec7nh.\u00a0<\/em><\/strong><\/p>\n<div id=\"eJOY__extension_root\" class=\"eJOY__extension_root_class\" style=\"all: unset;\"><\/div>\n","protected":false},"excerpt":{"rendered":"<p>&nbsp;<\/p>\n<div><\/div>\n","protected":false},"featured_media":8281,"comment_status":"open","ping_status":"closed","template":"","meta":{"_acf_changed":false},"product_cat":[17],"product_tag":[],"class_list":{"0":"post-8266","1":"product","2":"type-product","3":"status-publish","4":"has-post-thumbnail","6":"product_cat-tieu-hoa","8":"first","9":"instock","10":"shipping-taxable","11":"purchasable","12":"product-type-simple"},"acf":[],"yoast_head":"<!-- This site is optimized with the Yoast SEO plugin v25.1 - https:\/\/yoast.com\/wordpress\/plugins\/seo\/ -->\n<title>BioLG Fiber - Men vi sinh chuy\u00ean bi\u1ec7t cho ng\u01b0\u1eddi t\u00e1o b\u00f3n<\/title>\n<meta name=\"description\" content=\"BioLG Fiber l\u00e0 s\u1ea3n ph\u1ea9m chuy\u00ean bi\u1ec7t cho ng\u01b0\u1eddi b\u1ecb t\u00e1o b\u00f3n v\u1edbi c\u00f4ng th\u1ee9c v\u01b0\u1ee3t tr\u1ed9i c\u00f3 s\u1ef1 k\u1ebft h\u1ee3p gi\u1eefa probiotic, postbiotic, ch\u1ea5t x\u01a1 ho\u00e0 tan\" \/>\n<meta name=\"robots\" content=\"index, follow, max-snippet:-1, max-image-preview:large, max-video-preview:-1\" \/>\n<link rel=\"canonical\" href=\"https:\/\/biolg.vn\/en\/san-pham\/biolg-fiber-men-vi-sinh-chuyen-biet-cho-nguoi-tao-bon\/\" \/>\n<meta property=\"og:locale\" content=\"en_US\" \/>\n<meta property=\"og:type\" content=\"article\" \/>\n<meta property=\"og:title\" content=\"BioLG Fiber - Men vi sinh chuy\u00ean bi\u1ec7t cho ng\u01b0\u1eddi t\u00e1o b\u00f3n\" \/>\n<meta property=\"og:description\" content=\"BioLG Fiber l\u00e0 s\u1ea3n ph\u1ea9m chuy\u00ean bi\u1ec7t cho ng\u01b0\u1eddi b\u1ecb t\u00e1o b\u00f3n v\u1edbi c\u00f4ng th\u1ee9c v\u01b0\u1ee3t tr\u1ed9i c\u00f3 s\u1ef1 k\u1ebft h\u1ee3p gi\u1eefa probiotic, postbiotic, ch\u1ea5t x\u01a1 ho\u00e0 tan\" \/>\n<meta property=\"og:url\" content=\"https:\/\/biolg.vn\/en\/san-pham\/biolg-fiber-men-vi-sinh-chuyen-biet-cho-nguoi-tao-bon\/\" \/>\n<meta property=\"og:site_name\" content=\"C\u00f4ng ty d\u01b0\u1ee3c ph\u1ea9m BioLG\" \/>\n<meta property=\"article:publisher\" content=\"https:\/\/www.facebook.com\/profile.php?id=100083967914394\" \/>\n<meta property=\"article:modified_time\" content=\"2025-05-20T09:18:12+00:00\" \/>\n<meta property=\"og:image\" content=\"https:\/\/biolg.vn\/wp-content\/uploads\/2024\/08\/anh-web_tong-hop-13-1024x1024.png\" \/>\n\t<meta property=\"og:image:width\" content=\"1024\" \/>\n\t<meta property=\"og:image:height\" content=\"1024\" \/>\n\t<meta property=\"og:image:type\" content=\"image\/png\" \/>\n<meta name=\"twitter:card\" content=\"summary_large_image\" \/>\n<meta name=\"twitter:label1\" content=\"Est. reading time\" \/>\n\t<meta name=\"twitter:data1\" content=\"2 minutes\" \/>\n<script type=\"application\/ld+json\" class=\"yoast-schema-graph\">{\"@context\":\"https:\/\/schema.org\",\"@graph\":[{\"@type\":\"WebPage\",\"@id\":\"https:\/\/biolg.vn\/en\/san-pham\/biolg-fiber-men-vi-sinh-chuyen-biet-cho-nguoi-tao-bon\/\",\"url\":\"https:\/\/biolg.vn\/en\/san-pham\/biolg-fiber-men-vi-sinh-chuyen-biet-cho-nguoi-tao-bon\/\",\"name\":\"BioLG Fiber - Men vi sinh chuy\u00ean bi\u1ec7t cho ng\u01b0\u1eddi t\u00e1o b\u00f3n\",\"isPartOf\":{\"@id\":\"https:\/\/biolg.vn\/en\/#website\"},\"primaryImageOfPage\":{\"@id\":\"https:\/\/biolg.vn\/en\/san-pham\/biolg-fiber-men-vi-sinh-chuyen-biet-cho-nguoi-tao-bon\/#primaryimage\"},\"image\":{\"@id\":\"https:\/\/biolg.vn\/en\/san-pham\/biolg-fiber-men-vi-sinh-chuyen-biet-cho-nguoi-tao-bon\/#primaryimage\"},\"thumbnailUrl\":\"https:\/\/biolg.vn\/wp-content\/uploads\/2024\/08\/anh-web_tong-hop-13.png\",\"datePublished\":\"2024-08-06T03:38:45+00:00\",\"dateModified\":\"2025-05-20T09:18:12+00:00\",\"description\":\"BioLG Fiber l\u00e0 s\u1ea3n ph\u1ea9m chuy\u00ean bi\u1ec7t cho ng\u01b0\u1eddi b\u1ecb t\u00e1o b\u00f3n v\u1edbi c\u00f4ng th\u1ee9c v\u01b0\u1ee3t tr\u1ed9i c\u00f3 s\u1ef1 k\u1ebft h\u1ee3p gi\u1eefa probiotic, postbiotic, ch\u1ea5t x\u01a1 ho\u00e0 tan\",\"breadcrumb\":{\"@id\":\"https:\/\/biolg.vn\/en\/san-pham\/biolg-fiber-men-vi-sinh-chuyen-biet-cho-nguoi-tao-bon\/#breadcrumb\"},\"inLanguage\":\"en-US\",\"potentialAction\":[{\"@type\":\"ReadAction\",\"target\":[\"https:\/\/biolg.vn\/en\/san-pham\/biolg-fiber-men-vi-sinh-chuyen-biet-cho-nguoi-tao-bon\/\"]}]},{\"@type\":\"ImageObject\",\"inLanguage\":\"en-US\",\"@id\":\"https:\/\/biolg.vn\/en\/san-pham\/biolg-fiber-men-vi-sinh-chuyen-biet-cho-nguoi-tao-bon\/#primaryimage\",\"url\":\"https:\/\/biolg.vn\/wp-content\/uploads\/2024\/08\/anh-web_tong-hop-13.png\",\"contentUrl\":\"https:\/\/biolg.vn\/wp-content\/uploads\/2024\/08\/anh-web_tong-hop-13.png\",\"width\":3334,\"height\":3334},{\"@type\":\"BreadcrumbList\",\"@id\":\"https:\/\/biolg.vn\/en\/san-pham\/biolg-fiber-men-vi-sinh-chuyen-biet-cho-nguoi-tao-bon\/#breadcrumb\",\"itemListElement\":[{\"@type\":\"ListItem\",\"position\":1,\"name\":\"Home\",\"item\":\"https:\/\/biolg.vn\/en\/trang-chu\/\"},{\"@type\":\"ListItem\",\"position\":2,\"name\":\"Shop\",\"item\":\"https:\/\/biolg.vn\/shop\/\"},{\"@type\":\"ListItem\",\"position\":3,\"name\":\"BioLG Fiber &#8211; H\u1ed7 tr\u1ee3 gi\u1ea3m t\u00e1o b\u00f3n\"}]},{\"@type\":\"WebSite\",\"@id\":\"https:\/\/biolg.vn\/en\/#website\",\"url\":\"https:\/\/biolg.vn\/en\/\",\"name\":\"C\u00f4ng ty d\u01b0\u1ee3c ph\u1ea9m BioLG\",\"description\":\"Y\u00eau th\u01b0\u01a1ng v\u00e0 b\u1ea3o v\u1ec7\",\"publisher\":{\"@id\":\"https:\/\/biolg.vn\/en\/#organization\"},\"potentialAction\":[{\"@type\":\"SearchAction\",\"target\":{\"@type\":\"EntryPoint\",\"urlTemplate\":\"https:\/\/biolg.vn\/en\/?s={search_term_string}\"},\"query-input\":{\"@type\":\"PropertyValueSpecification\",\"valueRequired\":true,\"valueName\":\"search_term_string\"}}],\"inLanguage\":\"en-US\"},{\"@type\":\"Organization\",\"@id\":\"https:\/\/biolg.vn\/en\/#organization\",\"name\":\"C\u00f4ng ty d\u01b0\u1ee3c ph\u1ea9m BioLG\",\"url\":\"https:\/\/biolg.vn\/en\/\",\"logo\":{\"@type\":\"ImageObject\",\"inLanguage\":\"en-US\",\"@id\":\"https:\/\/biolg.vn\/en\/#\/schema\/logo\/image\/\",\"url\":\"https:\/\/biolg.vn\/wp-content\/uploads\/2024\/05\/Logo-BioLG.png\",\"contentUrl\":\"https:\/\/biolg.vn\/wp-content\/uploads\/2024\/05\/Logo-BioLG.png\",\"width\":1600,\"height\":690,\"caption\":\"C\u00f4ng ty d\u01b0\u1ee3c ph\u1ea9m BioLG\"},\"image\":{\"@id\":\"https:\/\/biolg.vn\/en\/#\/schema\/logo\/image\/\"},\"sameAs\":[\"https:\/\/www.facebook.com\/profile.php?id=100083967914394\",\"https:\/\/www.youtube.com\/channel\/UCmmb_WhuoyxvzN5al6d_D-g\",\"https:\/\/www.tiktok.com\/@biolg.2020\"]}]}<\/script>\n<!-- \/ Yoast SEO plugin. -->","yoast_head_json":{"title":"BioLG Fiber - Men vi sinh chuy\u00ean bi\u1ec7t cho ng\u01b0\u1eddi t\u00e1o b\u00f3n","description":"BioLG Fiber l\u00e0 s\u1ea3n ph\u1ea9m chuy\u00ean bi\u1ec7t cho ng\u01b0\u1eddi b\u1ecb t\u00e1o b\u00f3n v\u1edbi c\u00f4ng th\u1ee9c v\u01b0\u1ee3t tr\u1ed9i c\u00f3 s\u1ef1 k\u1ebft h\u1ee3p gi\u1eefa probiotic, postbiotic, ch\u1ea5t x\u01a1 ho\u00e0 tan","robots":{"index":"index","follow":"follow","max-snippet":"max-snippet:-1","max-image-preview":"max-image-preview:large","max-video-preview":"max-video-preview:-1"},"canonical":"https:\/\/biolg.vn\/en\/san-pham\/biolg-fiber-men-vi-sinh-chuyen-biet-cho-nguoi-tao-bon\/","og_locale":"en_US","og_type":"article","og_title":"BioLG Fiber - Men vi sinh chuy\u00ean bi\u1ec7t cho ng\u01b0\u1eddi t\u00e1o b\u00f3n","og_description":"BioLG Fiber l\u00e0 s\u1ea3n ph\u1ea9m chuy\u00ean bi\u1ec7t cho ng\u01b0\u1eddi b\u1ecb t\u00e1o b\u00f3n v\u1edbi c\u00f4ng th\u1ee9c v\u01b0\u1ee3t tr\u1ed9i c\u00f3 s\u1ef1 k\u1ebft h\u1ee3p gi\u1eefa probiotic, postbiotic, ch\u1ea5t x\u01a1 ho\u00e0 tan","og_url":"https:\/\/biolg.vn\/en\/san-pham\/biolg-fiber-men-vi-sinh-chuyen-biet-cho-nguoi-tao-bon\/","og_site_name":"C\u00f4ng ty d\u01b0\u1ee3c ph\u1ea9m BioLG","article_publisher":"https:\/\/www.facebook.com\/profile.php?id=100083967914394","article_modified_time":"2025-05-20T09:18:12+00:00","og_image":[{"width":1024,"height":1024,"url":"https:\/\/biolg.vn\/wp-content\/uploads\/2024\/08\/anh-web_tong-hop-13-1024x1024.png","type":"image\/png"}],"twitter_card":"summary_large_image","twitter_misc":{"Est. reading time":"2 minutes"},"schema":{"@context":"https:\/\/schema.org","@graph":[{"@type":"WebPage","@id":"https:\/\/biolg.vn\/en\/san-pham\/biolg-fiber-men-vi-sinh-chuyen-biet-cho-nguoi-tao-bon\/","url":"https:\/\/biolg.vn\/en\/san-pham\/biolg-fiber-men-vi-sinh-chuyen-biet-cho-nguoi-tao-bon\/","name":"BioLG Fiber - Men vi sinh chuy\u00ean bi\u1ec7t cho ng\u01b0\u1eddi t\u00e1o b\u00f3n","isPartOf":{"@id":"https:\/\/biolg.vn\/en\/#website"},"primaryImageOfPage":{"@id":"https:\/\/biolg.vn\/en\/san-pham\/biolg-fiber-men-vi-sinh-chuyen-biet-cho-nguoi-tao-bon\/#primaryimage"},"image":{"@id":"https:\/\/biolg.vn\/en\/san-pham\/biolg-fiber-men-vi-sinh-chuyen-biet-cho-nguoi-tao-bon\/#primaryimage"},"thumbnailUrl":"https:\/\/biolg.vn\/wp-content\/uploads\/2024\/08\/anh-web_tong-hop-13.png","datePublished":"2024-08-06T03:38:45+00:00","dateModified":"2025-05-20T09:18:12+00:00","description":"BioLG Fiber l\u00e0 s\u1ea3n ph\u1ea9m chuy\u00ean bi\u1ec7t cho ng\u01b0\u1eddi b\u1ecb t\u00e1o b\u00f3n v\u1edbi c\u00f4ng th\u1ee9c v\u01b0\u1ee3t tr\u1ed9i c\u00f3 s\u1ef1 k\u1ebft h\u1ee3p gi\u1eefa probiotic, postbiotic, ch\u1ea5t x\u01a1 ho\u00e0 tan","breadcrumb":{"@id":"https:\/\/biolg.vn\/en\/san-pham\/biolg-fiber-men-vi-sinh-chuyen-biet-cho-nguoi-tao-bon\/#breadcrumb"},"inLanguage":"en-US","potentialAction":[{"@type":"ReadAction","target":["https:\/\/biolg.vn\/en\/san-pham\/biolg-fiber-men-vi-sinh-chuyen-biet-cho-nguoi-tao-bon\/"]}]},{"@type":"ImageObject","inLanguage":"en-US","@id":"https:\/\/biolg.vn\/en\/san-pham\/biolg-fiber-men-vi-sinh-chuyen-biet-cho-nguoi-tao-bon\/#primaryimage","url":"https:\/\/biolg.vn\/wp-content\/uploads\/2024\/08\/anh-web_tong-hop-13.png","contentUrl":"https:\/\/biolg.vn\/wp-content\/uploads\/2024\/08\/anh-web_tong-hop-13.png","width":3334,"height":3334},{"@type":"BreadcrumbList","@id":"https:\/\/biolg.vn\/en\/san-pham\/biolg-fiber-men-vi-sinh-chuyen-biet-cho-nguoi-tao-bon\/#breadcrumb","itemListElement":[{"@type":"ListItem","position":1,"name":"Home","item":"https:\/\/biolg.vn\/en\/trang-chu\/"},{"@type":"ListItem","position":2,"name":"Shop","item":"https:\/\/biolg.vn\/shop\/"},{"@type":"ListItem","position":3,"name":"BioLG Fiber &#8211; H\u1ed7 tr\u1ee3 gi\u1ea3m t\u00e1o b\u00f3n"}]},{"@type":"WebSite","@id":"https:\/\/biolg.vn\/en\/#website","url":"https:\/\/biolg.vn\/en\/","name":"C\u00f4ng ty d\u01b0\u1ee3c ph\u1ea9m BioLG","description":"Y\u00eau th\u01b0\u01a1ng v\u00e0 b\u1ea3o v\u1ec7","publisher":{"@id":"https:\/\/biolg.vn\/en\/#organization"},"potentialAction":[{"@type":"SearchAction","target":{"@type":"EntryPoint","urlTemplate":"https:\/\/biolg.vn\/en\/?s={search_term_string}"},"query-input":{"@type":"PropertyValueSpecification","valueRequired":true,"valueName":"search_term_string"}}],"inLanguage":"en-US"},{"@type":"Organization","@id":"https:\/\/biolg.vn\/en\/#organization","name":"C\u00f4ng ty d\u01b0\u1ee3c ph\u1ea9m BioLG","url":"https:\/\/biolg.vn\/en\/","logo":{"@type":"ImageObject","inLanguage":"en-US","@id":"https:\/\/biolg.vn\/en\/#\/schema\/logo\/image\/","url":"https:\/\/biolg.vn\/wp-content\/uploads\/2024\/05\/Logo-BioLG.png","contentUrl":"https:\/\/biolg.vn\/wp-content\/uploads\/2024\/05\/Logo-BioLG.png","width":1600,"height":690,"caption":"C\u00f4ng ty d\u01b0\u1ee3c ph\u1ea9m BioLG"},"image":{"@id":"https:\/\/biolg.vn\/en\/#\/schema\/logo\/image\/"},"sameAs":["https:\/\/www.facebook.com\/profile.php?id=100083967914394","https:\/\/www.youtube.com\/channel\/UCmmb_WhuoyxvzN5al6d_D-g","https:\/\/www.tiktok.com\/@biolg.2020"]}]}},"_links":{"self":[{"href":"https:\/\/biolg.vn\/en\/wp-json\/wp\/v2\/product\/8266","targetHints":{"allow":["GET"]}}],"collection":[{"href":"https:\/\/biolg.vn\/en\/wp-json\/wp\/v2\/product"}],"about":[{"href":"https:\/\/biolg.vn\/en\/wp-json\/wp\/v2\/types\/product"}],"replies":[{"embeddable":true,"href":"https:\/\/biolg.vn\/en\/wp-json\/wp\/v2\/comments?post=8266"}],"wp:featuredmedia":[{"embeddable":true,"href":"https:\/\/biolg.vn\/en\/wp-json\/wp\/v2\/media\/8281"}],"wp:attachment":[{"href":"https:\/\/biolg.vn\/en\/wp-json\/wp\/v2\/media?parent=8266"}],"wp:term":[{"taxonomy":"product_cat","embeddable":true,"href":"https:\/\/biolg.vn\/en\/wp-json\/wp\/v2\/product_cat?post=8266"},{"taxonomy":"product_tag","embeddable":true,"href":"https:\/\/biolg.vn\/en\/wp-json\/wp\/v2\/product_tag?post=8266"}],"curies":[{"name":"wp","href":"https:\/\/api.w.org\/{rel}","templated":true}]}}