{"id":8267,"date":"2024-08-06T10:52:36","date_gmt":"2024-08-06T03:52:36","guid":{"rendered":"https:\/\/biolg.vn\/?post_type=product&#038;p=8267"},"modified":"2025-12-10T11:10:48","modified_gmt":"2025-12-10T04:10:48","slug":"biolg-enzyme-jp-tieu-hoa-khoe-tre-lon-nhanh","status":"publish","type":"product","link":"https:\/\/biolg.vn\/en\/san-pham\/biolg-enzyme-jp-tieu-hoa-khoe-tre-lon-nhanh\/","title":{"rendered":"Men ti\u00eau h\u00f3a BioLG Enzyme JP"},"content":{"rendered":"<p>BioLG Enzyme JP v\u1edbi c\u00f4ng th\u1ee9c \u0111\u1ed9c \u0111\u00e1o: K\u1ebft h\u1ee3p gi\u1eefa Enzyme Nh\u1eadt B\u1ea3n v\u00e0 2 t\u1ef7 l\u1ee3i khu\u1ea9n, mang l\u1ea1i hi\u1ec7u qu\u1ea3 to\u00e0n di\u1ec7n cho h\u1ec7 ti\u00eau h\u00f3a.<br \/>\n1. Enzyme Amano trong BioLG Enzyme JP v\u1edbi c\u00e1c \u0111\u1eb7c t\u00ednh \u01b0u vi\u1ec7t:<br \/>\n+ K\u1ebft h\u1ee3p \u0111a \u0111\u1ea1ng lo\u1ea1i enzyme =&gt; ph\u00e2n gi\u1ea3i \u0111\u01b0\u1ee3c h\u1ea7u h\u1ebft nh\u00f3m ch\u1ea5t dinh d\u01b0\u1ee1ng: tinh b\u1ed9t, protein, lipid,..<br \/>\n+ \u1ed4n \u0111\u1ecbnh \u1edf trong kho\u1ea3ng pH r\u1ed9ng =&gt; ch\u1ea5t l\u01b0\u1ee3ng &amp; hi\u1ec7u qu\u1ea3 enzyme kh\u00f4ng b\u1ecb \u1ea3nh h\u01b0\u1edfng b\u1edfi pH d\u1ea1 d\u00e0y, \u0111\u1ea3m b\u1ea3o ho\u1ea1t t\u00ednh c\u1ee7a enzyme khi \u0111\u1ebfn ru\u1ed9t non.<br \/>\n+ Enzyme ho\u1ea1t \u0111\u1ed9 cao, h\u1ed7 tr\u1ee3 ti\u00eau ho\u00e1 th\u1ee9c \u0103n hi\u1ec7u qu\u1ea3, nhanh ch\u00f3ng, t\u1eeb \u0111\u00f3 gi\u00fap h\u1ed7 tr\u1ee3 gi\u1ea3m c\u00e1c tri\u1ec7u ch\u1ee9ng r\u1ed1i lo\u1ea1n ti\u00eau h\u00f3a, d\u1ea7y h\u01a1i, ch\u01b0\u1eddng b\u1ee5ng, kh\u00f3 ti\u00eau, \u0111au b\u1ee5ng do lo\u1ea1n khu\u1ea9n \u0111\u01b0\u1eddng ru\u1ed9t.<br \/>\n+ An to\u00e0n, ch\u1ea5t l\u01b0\u1ee3ng \u0111\u01b0\u1ee3c ki\u1ec3m nghi\u1ec7m &amp; \u0111\u00e1p \u1ee9ng c\u00e1c ti\u00eau ch\u00ed kh\u1eaft khe c\u1ee7a Nh\u1eadt B\u1ea3n.<br \/>\n2. L\u1ee3i khu\u1ea9n n\u1ed3ng \u0111\u1ed9 cao, \u0111\u1ed9c quy\u1ec1n: b\u1ec1n nhi\u1ec7t, b\u1ec1n axit d\u1ea1 d\u00e0y, \u0111\u1ea3m b\u1ea3o t\u1ef7 l\u1ec7 l\u1ee3i khu\u1ea9n s\u1ed1ng s\u00f3t cao khi \u0111i v\u00e0o \u0111\u1ebfn ru\u1ed9t non.<br \/>\n3. D\u1ea1ng c\u1ed1m d\u1ec5 u\u1ed1ng, ti\u1ec7n l\u1ee3i khi s\u1eed d\u1ee5ng v\u00e0 mang theo.<\/p>\n<p>Xu\u1ea5t x\u1ee9: Vi\u1ec7t Nam<\/p>\n<p><strong><em>(*) S\u1ea3n ph\u1ea9m n\u00e0y kh\u00f4ng ph\u1ea3i l\u00e0 thu\u1ed1c, kh\u00f4ng c\u00f3 t\u00e1c d\u1ee5ng thay th\u1ebf thu\u1ed1c ch\u1eefa b\u1ec7nh.\u00a0<\/em><\/strong><\/p>\n","protected":false},"excerpt":{"rendered":"<p>BioLG Enzyme JP v\u1edbi c\u00f4ng th\u1ee9c \u0111\u1ed9c \u0111\u00e1o: K\u1ebft h\u1ee3p gi\u1eefa Enzyme Nh\u1eadt B\u1ea3n v\u00e0 2 t\u1ef7 l\u1ee3i khu\u1ea9n, mang l\u1ea1i hi\u1ec7u qu\u1ea3 to\u00e0n di\u1ec7n cho h\u1ec7 ti\u00eau h\u00f3a. 1. Enzyme Amano trong BioLG Enzyme JP v\u1edbi c\u00e1c \u0111\u1eb7c t\u00ednh \u01b0u vi\u1ec7t: + K\u1ebft h\u1ee3p \u0111a \u0111\u1ea1ng lo\u1ea1i enzyme =&gt; ph\u00e2n gi\u1ea3i \u0111\u01b0\u1ee3c h\u1ea7u h\u1ebft [&hellip;]<\/p>\n","protected":false},"featured_media":8277,"comment_status":"open","ping_status":"closed","template":"","meta":{"_acf_changed":false},"product_cat":[18,17],"product_tag":[],"class_list":{"0":"post-8267","1":"product","2":"type-product","3":"status-publish","4":"has-post-thumbnail","6":"product_cat-me-va-be","7":"product_cat-tieu-hoa","9":"first","10":"instock","11":"shipping-taxable","12":"purchasable","13":"product-type-simple"},"acf":[],"yoast_head":"<!-- This site is optimized with the Yoast SEO plugin v25.1 - https:\/\/yoast.com\/wordpress\/plugins\/seo\/ -->\n<title>BioLG Enzyme JP - Ti\u00eau ho\u00e1 kho\u1ebb, tr\u1ebb l\u1edbn nhanh<\/title>\n<meta name=\"description\" content=\"BioLG Enzyme JP v\u1edbi c\u00f4ng th\u1ee9c \u0111\u1ed9c \u0111\u00e1o: K\u1ebft h\u1ee3p gi\u1eefa Enzyme Nh\u1eadt B\u1ea3n v\u00e0 2 t\u1ef7 l\u1ee3i khu\u1ea9n, mang l\u1ea1i hi\u1ec7u qu\u1ea3 to\u00e0n di\u1ec7n cho h\u1ec7 ti\u00eau h\u00f3a.\" \/>\n<meta name=\"robots\" content=\"index, follow, max-snippet:-1, max-image-preview:large, max-video-preview:-1\" \/>\n<link rel=\"canonical\" href=\"https:\/\/biolg.vn\/en\/san-pham\/biolg-enzyme-jp-tieu-hoa-khoe-tre-lon-nhanh\/\" \/>\n<meta property=\"og:locale\" content=\"en_US\" \/>\n<meta property=\"og:type\" content=\"article\" \/>\n<meta property=\"og:title\" content=\"BioLG Enzyme JP - Ti\u00eau ho\u00e1 kho\u1ebb, tr\u1ebb l\u1edbn nhanh\" \/>\n<meta property=\"og:description\" content=\"BioLG Enzyme JP v\u1edbi c\u00f4ng th\u1ee9c \u0111\u1ed9c \u0111\u00e1o: K\u1ebft h\u1ee3p gi\u1eefa Enzyme Nh\u1eadt B\u1ea3n v\u00e0 2 t\u1ef7 l\u1ee3i khu\u1ea9n, mang l\u1ea1i hi\u1ec7u qu\u1ea3 to\u00e0n di\u1ec7n cho h\u1ec7 ti\u00eau h\u00f3a.\" \/>\n<meta property=\"og:url\" content=\"https:\/\/biolg.vn\/en\/san-pham\/biolg-enzyme-jp-tieu-hoa-khoe-tre-lon-nhanh\/\" \/>\n<meta property=\"og:site_name\" content=\"C\u00f4ng ty d\u01b0\u1ee3c ph\u1ea9m BioLG\" \/>\n<meta property=\"article:publisher\" content=\"https:\/\/www.facebook.com\/profile.php?id=100083967914394\" \/>\n<meta property=\"article:modified_time\" content=\"2025-12-10T04:10:48+00:00\" \/>\n<meta property=\"og:image\" content=\"https:\/\/biolg.vn\/wp-content\/uploads\/2024\/08\/anh-web_tong-hop-18-1024x1024.png\" \/>\n\t<meta property=\"og:image:width\" content=\"1024\" \/>\n\t<meta property=\"og:image:height\" content=\"1024\" \/>\n\t<meta property=\"og:image:type\" content=\"image\/png\" \/>\n<meta name=\"twitter:card\" content=\"summary_large_image\" \/>\n<meta name=\"twitter:label1\" content=\"Est. reading time\" \/>\n\t<meta name=\"twitter:data1\" content=\"2 minutes\" \/>\n<script type=\"application\/ld+json\" class=\"yoast-schema-graph\">{\"@context\":\"https:\/\/schema.org\",\"@graph\":[{\"@type\":\"WebPage\",\"@id\":\"https:\/\/biolg.vn\/en\/san-pham\/biolg-enzyme-jp-tieu-hoa-khoe-tre-lon-nhanh\/\",\"url\":\"https:\/\/biolg.vn\/en\/san-pham\/biolg-enzyme-jp-tieu-hoa-khoe-tre-lon-nhanh\/\",\"name\":\"BioLG Enzyme JP - Ti\u00eau ho\u00e1 kho\u1ebb, tr\u1ebb l\u1edbn nhanh\",\"isPartOf\":{\"@id\":\"https:\/\/biolg.vn\/en\/#website\"},\"primaryImageOfPage\":{\"@id\":\"https:\/\/biolg.vn\/en\/san-pham\/biolg-enzyme-jp-tieu-hoa-khoe-tre-lon-nhanh\/#primaryimage\"},\"image\":{\"@id\":\"https:\/\/biolg.vn\/en\/san-pham\/biolg-enzyme-jp-tieu-hoa-khoe-tre-lon-nhanh\/#primaryimage\"},\"thumbnailUrl\":\"https:\/\/biolg.vn\/wp-content\/uploads\/2024\/08\/anh-web_tong-hop-18.png\",\"datePublished\":\"2024-08-06T03:52:36+00:00\",\"dateModified\":\"2025-12-10T04:10:48+00:00\",\"description\":\"BioLG Enzyme JP v\u1edbi c\u00f4ng th\u1ee9c \u0111\u1ed9c \u0111\u00e1o: K\u1ebft h\u1ee3p gi\u1eefa Enzyme Nh\u1eadt B\u1ea3n v\u00e0 2 t\u1ef7 l\u1ee3i khu\u1ea9n, mang l\u1ea1i hi\u1ec7u qu\u1ea3 to\u00e0n di\u1ec7n cho h\u1ec7 ti\u00eau h\u00f3a.\",\"breadcrumb\":{\"@id\":\"https:\/\/biolg.vn\/en\/san-pham\/biolg-enzyme-jp-tieu-hoa-khoe-tre-lon-nhanh\/#breadcrumb\"},\"inLanguage\":\"en-US\",\"potentialAction\":[{\"@type\":\"ReadAction\",\"target\":[\"https:\/\/biolg.vn\/en\/san-pham\/biolg-enzyme-jp-tieu-hoa-khoe-tre-lon-nhanh\/\"]}]},{\"@type\":\"ImageObject\",\"inLanguage\":\"en-US\",\"@id\":\"https:\/\/biolg.vn\/en\/san-pham\/biolg-enzyme-jp-tieu-hoa-khoe-tre-lon-nhanh\/#primaryimage\",\"url\":\"https:\/\/biolg.vn\/wp-content\/uploads\/2024\/08\/anh-web_tong-hop-18.png\",\"contentUrl\":\"https:\/\/biolg.vn\/wp-content\/uploads\/2024\/08\/anh-web_tong-hop-18.png\",\"width\":3334,\"height\":3334},{\"@type\":\"BreadcrumbList\",\"@id\":\"https:\/\/biolg.vn\/en\/san-pham\/biolg-enzyme-jp-tieu-hoa-khoe-tre-lon-nhanh\/#breadcrumb\",\"itemListElement\":[{\"@type\":\"ListItem\",\"position\":1,\"name\":\"Home\",\"item\":\"https:\/\/biolg.vn\/en\/trang-chu\/\"},{\"@type\":\"ListItem\",\"position\":2,\"name\":\"Shop\",\"item\":\"https:\/\/biolg.vn\/shop\/\"},{\"@type\":\"ListItem\",\"position\":3,\"name\":\"Men ti\u00eau h\u00f3a BioLG Enzyme JP\"}]},{\"@type\":\"WebSite\",\"@id\":\"https:\/\/biolg.vn\/en\/#website\",\"url\":\"https:\/\/biolg.vn\/en\/\",\"name\":\"C\u00f4ng ty d\u01b0\u1ee3c ph\u1ea9m BioLG\",\"description\":\"Y\u00eau th\u01b0\u01a1ng v\u00e0 b\u1ea3o v\u1ec7\",\"publisher\":{\"@id\":\"https:\/\/biolg.vn\/en\/#organization\"},\"potentialAction\":[{\"@type\":\"SearchAction\",\"target\":{\"@type\":\"EntryPoint\",\"urlTemplate\":\"https:\/\/biolg.vn\/en\/?s={search_term_string}\"},\"query-input\":{\"@type\":\"PropertyValueSpecification\",\"valueRequired\":true,\"valueName\":\"search_term_string\"}}],\"inLanguage\":\"en-US\"},{\"@type\":\"Organization\",\"@id\":\"https:\/\/biolg.vn\/en\/#organization\",\"name\":\"C\u00f4ng ty d\u01b0\u1ee3c ph\u1ea9m BioLG\",\"url\":\"https:\/\/biolg.vn\/en\/\",\"logo\":{\"@type\":\"ImageObject\",\"inLanguage\":\"en-US\",\"@id\":\"https:\/\/biolg.vn\/en\/#\/schema\/logo\/image\/\",\"url\":\"https:\/\/biolg.vn\/wp-content\/uploads\/2024\/05\/Logo-BioLG.png\",\"contentUrl\":\"https:\/\/biolg.vn\/wp-content\/uploads\/2024\/05\/Logo-BioLG.png\",\"width\":1600,\"height\":690,\"caption\":\"C\u00f4ng ty d\u01b0\u1ee3c ph\u1ea9m BioLG\"},\"image\":{\"@id\":\"https:\/\/biolg.vn\/en\/#\/schema\/logo\/image\/\"},\"sameAs\":[\"https:\/\/www.facebook.com\/profile.php?id=100083967914394\",\"https:\/\/www.youtube.com\/channel\/UCmmb_WhuoyxvzN5al6d_D-g\",\"https:\/\/www.tiktok.com\/@biolg.2020\"]}]}<\/script>\n<!-- \/ Yoast SEO plugin. -->","yoast_head_json":{"title":"BioLG Enzyme JP - Ti\u00eau ho\u00e1 kho\u1ebb, tr\u1ebb l\u1edbn nhanh","description":"BioLG Enzyme JP v\u1edbi c\u00f4ng th\u1ee9c \u0111\u1ed9c \u0111\u00e1o: K\u1ebft h\u1ee3p gi\u1eefa Enzyme Nh\u1eadt B\u1ea3n v\u00e0 2 t\u1ef7 l\u1ee3i khu\u1ea9n, mang l\u1ea1i hi\u1ec7u qu\u1ea3 to\u00e0n di\u1ec7n cho h\u1ec7 ti\u00eau h\u00f3a.","robots":{"index":"index","follow":"follow","max-snippet":"max-snippet:-1","max-image-preview":"max-image-preview:large","max-video-preview":"max-video-preview:-1"},"canonical":"https:\/\/biolg.vn\/en\/san-pham\/biolg-enzyme-jp-tieu-hoa-khoe-tre-lon-nhanh\/","og_locale":"en_US","og_type":"article","og_title":"BioLG Enzyme JP - Ti\u00eau ho\u00e1 kho\u1ebb, tr\u1ebb l\u1edbn nhanh","og_description":"BioLG Enzyme JP v\u1edbi c\u00f4ng th\u1ee9c \u0111\u1ed9c \u0111\u00e1o: K\u1ebft h\u1ee3p gi\u1eefa Enzyme Nh\u1eadt B\u1ea3n v\u00e0 2 t\u1ef7 l\u1ee3i khu\u1ea9n, mang l\u1ea1i hi\u1ec7u qu\u1ea3 to\u00e0n di\u1ec7n cho h\u1ec7 ti\u00eau h\u00f3a.","og_url":"https:\/\/biolg.vn\/en\/san-pham\/biolg-enzyme-jp-tieu-hoa-khoe-tre-lon-nhanh\/","og_site_name":"C\u00f4ng ty d\u01b0\u1ee3c ph\u1ea9m BioLG","article_publisher":"https:\/\/www.facebook.com\/profile.php?id=100083967914394","article_modified_time":"2025-12-10T04:10:48+00:00","og_image":[{"width":1024,"height":1024,"url":"https:\/\/biolg.vn\/wp-content\/uploads\/2024\/08\/anh-web_tong-hop-18-1024x1024.png","type":"image\/png"}],"twitter_card":"summary_large_image","twitter_misc":{"Est. reading time":"2 minutes"},"schema":{"@context":"https:\/\/schema.org","@graph":[{"@type":"WebPage","@id":"https:\/\/biolg.vn\/en\/san-pham\/biolg-enzyme-jp-tieu-hoa-khoe-tre-lon-nhanh\/","url":"https:\/\/biolg.vn\/en\/san-pham\/biolg-enzyme-jp-tieu-hoa-khoe-tre-lon-nhanh\/","name":"BioLG Enzyme JP - Ti\u00eau ho\u00e1 kho\u1ebb, tr\u1ebb l\u1edbn nhanh","isPartOf":{"@id":"https:\/\/biolg.vn\/en\/#website"},"primaryImageOfPage":{"@id":"https:\/\/biolg.vn\/en\/san-pham\/biolg-enzyme-jp-tieu-hoa-khoe-tre-lon-nhanh\/#primaryimage"},"image":{"@id":"https:\/\/biolg.vn\/en\/san-pham\/biolg-enzyme-jp-tieu-hoa-khoe-tre-lon-nhanh\/#primaryimage"},"thumbnailUrl":"https:\/\/biolg.vn\/wp-content\/uploads\/2024\/08\/anh-web_tong-hop-18.png","datePublished":"2024-08-06T03:52:36+00:00","dateModified":"2025-12-10T04:10:48+00:00","description":"BioLG Enzyme JP v\u1edbi c\u00f4ng th\u1ee9c \u0111\u1ed9c \u0111\u00e1o: K\u1ebft h\u1ee3p gi\u1eefa Enzyme Nh\u1eadt B\u1ea3n v\u00e0 2 t\u1ef7 l\u1ee3i khu\u1ea9n, mang l\u1ea1i hi\u1ec7u qu\u1ea3 to\u00e0n di\u1ec7n cho h\u1ec7 ti\u00eau h\u00f3a.","breadcrumb":{"@id":"https:\/\/biolg.vn\/en\/san-pham\/biolg-enzyme-jp-tieu-hoa-khoe-tre-lon-nhanh\/#breadcrumb"},"inLanguage":"en-US","potentialAction":[{"@type":"ReadAction","target":["https:\/\/biolg.vn\/en\/san-pham\/biolg-enzyme-jp-tieu-hoa-khoe-tre-lon-nhanh\/"]}]},{"@type":"ImageObject","inLanguage":"en-US","@id":"https:\/\/biolg.vn\/en\/san-pham\/biolg-enzyme-jp-tieu-hoa-khoe-tre-lon-nhanh\/#primaryimage","url":"https:\/\/biolg.vn\/wp-content\/uploads\/2024\/08\/anh-web_tong-hop-18.png","contentUrl":"https:\/\/biolg.vn\/wp-content\/uploads\/2024\/08\/anh-web_tong-hop-18.png","width":3334,"height":3334},{"@type":"BreadcrumbList","@id":"https:\/\/biolg.vn\/en\/san-pham\/biolg-enzyme-jp-tieu-hoa-khoe-tre-lon-nhanh\/#breadcrumb","itemListElement":[{"@type":"ListItem","position":1,"name":"Home","item":"https:\/\/biolg.vn\/en\/trang-chu\/"},{"@type":"ListItem","position":2,"name":"Shop","item":"https:\/\/biolg.vn\/shop\/"},{"@type":"ListItem","position":3,"name":"Men ti\u00eau h\u00f3a BioLG Enzyme JP"}]},{"@type":"WebSite","@id":"https:\/\/biolg.vn\/en\/#website","url":"https:\/\/biolg.vn\/en\/","name":"C\u00f4ng ty d\u01b0\u1ee3c ph\u1ea9m BioLG","description":"Y\u00eau th\u01b0\u01a1ng v\u00e0 b\u1ea3o v\u1ec7","publisher":{"@id":"https:\/\/biolg.vn\/en\/#organization"},"potentialAction":[{"@type":"SearchAction","target":{"@type":"EntryPoint","urlTemplate":"https:\/\/biolg.vn\/en\/?s={search_term_string}"},"query-input":{"@type":"PropertyValueSpecification","valueRequired":true,"valueName":"search_term_string"}}],"inLanguage":"en-US"},{"@type":"Organization","@id":"https:\/\/biolg.vn\/en\/#organization","name":"C\u00f4ng ty d\u01b0\u1ee3c ph\u1ea9m BioLG","url":"https:\/\/biolg.vn\/en\/","logo":{"@type":"ImageObject","inLanguage":"en-US","@id":"https:\/\/biolg.vn\/en\/#\/schema\/logo\/image\/","url":"https:\/\/biolg.vn\/wp-content\/uploads\/2024\/05\/Logo-BioLG.png","contentUrl":"https:\/\/biolg.vn\/wp-content\/uploads\/2024\/05\/Logo-BioLG.png","width":1600,"height":690,"caption":"C\u00f4ng ty d\u01b0\u1ee3c ph\u1ea9m BioLG"},"image":{"@id":"https:\/\/biolg.vn\/en\/#\/schema\/logo\/image\/"},"sameAs":["https:\/\/www.facebook.com\/profile.php?id=100083967914394","https:\/\/www.youtube.com\/channel\/UCmmb_WhuoyxvzN5al6d_D-g","https:\/\/www.tiktok.com\/@biolg.2020"]}]}},"_links":{"self":[{"href":"https:\/\/biolg.vn\/en\/wp-json\/wp\/v2\/product\/8267","targetHints":{"allow":["GET"]}}],"collection":[{"href":"https:\/\/biolg.vn\/en\/wp-json\/wp\/v2\/product"}],"about":[{"href":"https:\/\/biolg.vn\/en\/wp-json\/wp\/v2\/types\/product"}],"replies":[{"embeddable":true,"href":"https:\/\/biolg.vn\/en\/wp-json\/wp\/v2\/comments?post=8267"}],"wp:featuredmedia":[{"embeddable":true,"href":"https:\/\/biolg.vn\/en\/wp-json\/wp\/v2\/media\/8277"}],"wp:attachment":[{"href":"https:\/\/biolg.vn\/en\/wp-json\/wp\/v2\/media?parent=8267"}],"wp:term":[{"taxonomy":"product_cat","embeddable":true,"href":"https:\/\/biolg.vn\/en\/wp-json\/wp\/v2\/product_cat?post=8267"},{"taxonomy":"product_tag","embeddable":true,"href":"https:\/\/biolg.vn\/en\/wp-json\/wp\/v2\/product_tag?post=8267"}],"curies":[{"name":"wp","href":"https:\/\/api.w.org\/{rel}","templated":true}]}}