{"id":8268,"date":"2024-08-06T10:58:37","date_gmt":"2024-08-06T03:58:37","guid":{"rendered":"https:\/\/biolg.vn\/?post_type=product&#038;p=8268"},"modified":"2025-12-10T11:09:50","modified_gmt":"2025-12-10T04:09:50","slug":"biolg-gut-nang-cao-suc-khoe-tieu-hoa","status":"publish","type":"product","link":"https:\/\/biolg.vn\/en\/san-pham\/biolg-gut-nang-cao-suc-khoe-tieu-hoa\/","title":{"rendered":"BioLG Gut &#8211; N\u00e2ng cao s\u1ee9c kho\u1ebb ti\u00eau ho\u00e1"},"content":{"rendered":"<p>BioLG Gut v\u1edbi c\u00f4ng th\u1ee9c \u01b0u vi\u1ec7t, c\u00f3 s\u1ef1 k\u1ebft h\u1ee3p gi\u1eefa l\u1ee3i khu\u1ea9n n\u1ed3ng \u0111\u1ed9 cao v\u1edbi K\u1ebdm h\u1eefu c\u01a1 \u0111em l\u1ea1i hi\u1ec7u qu\u1ea3 v\u01b0\u1ee3t tr\u1ed9i, n\u00e2ng cao s\u1ee9c kho\u1ebb \u0111\u01b0\u1eddng ru\u1ed9t m\u1ed9t c\u00e1ch ch\u1ee7 \u0111\u1ed9ng.<br \/>\n1. 3 t\u1ef7 b\u00e0o t\u1eed l\u1ee3i khu\u1ea9n \u0111\u1ed9c quy\u1ec1n trong BioLG Gut. \u0110a ch\u1ee7ng, d\u1ea1ng n\u01b0\u1edbc, n\u1ed3ng \u0111\u1ed9 l\u1ee3i khu\u1ea9n cao v\u1edbi c\u00e1c \u0111\u1eb7c t\u00ednh: b\u1ec1n acid d\u1ea1 d\u00e0y, kh\u00e1ng \u0111a kh\u00e1ng sinh, b\u1ec1n nhi\u1ec7t \u0111\u1ed9 v\u00e0 b\u1ec1n th\u1eddi gian =&gt; T\u1ef7 l\u1ec7 s\u1ed1ng s\u00f3t khi \u0111\u1ebfn \u0111\u01b0\u1eddng ru\u1ed9t cao, gi\u00fap c\u00e2n b\u1eb1ng h\u1ec7 vi sinh, n\u00e2ng cao s\u1ee9c kho\u1ebb ti\u00eau ho\u00e1 m\u1ed9t c\u00e1ch ch\u1ee7 \u0111\u1ed9ng.<br \/>\n2. B\u1ed5 sung th\u00eam K\u1ebdm h\u1eefu c\u01a1 =&gt; d\u1ec5 h\u1ea5p thu, h\u1ea1n ch\u1ebf t\u1ed1i \u0111a t\u00e1c d\u1ee5ng ph\u1ee5. C\u00f3 c\u00f4ng d\u1ee5ng k\u00edch th\u00edch v\u1ecb gi\u00e1c =&gt; t\u1ea1o c\u1ea3m gi\u00e1c ngon mi\u1ec7ng khi \u0103n. Ngo\u00e0i ra k\u1ebdm c\u00f2n k\u00edch th\u00edch s\u1ef1 ph\u00e1t tri\u1ec3n c\u1ee7a c\u00e1c t\u1ebf b\u00e0o mi\u1ec5n d\u1ecbch, t\u1ea1o th\u00e0nh m\u1ed9t h\u00e0ng r\u00e0o mi\u1ec5n d\u1ecbch v\u1eefng ch\u1eafc.<\/p>\n<p>Xu\u1ea5t x\u1ee9: Vi\u1ec7t Nam<\/p>\n<p><strong><em>(*) S\u1ea3n ph\u1ea9m n\u00e0y kh\u00f4ng ph\u1ea3i l\u00e0 thu\u1ed1c, kh\u00f4ng c\u00f3 t\u00e1c d\u1ee5ng thay th\u1ebf thu\u1ed1c ch\u1eefa b\u1ec7nh.\u00a0<\/em><\/strong><\/p>\n","protected":false},"excerpt":{"rendered":"<p>BioLG Gut v\u1edbi c\u00f4ng th\u1ee9c \u01b0u vi\u1ec7t, c\u00f3 s\u1ef1 k\u1ebft h\u1ee3p gi\u1eefa l\u1ee3i khu\u1ea9n n\u1ed3ng \u0111\u1ed9 cao v\u1edbi K\u1ebdm h\u1eefu c\u01a1 \u0111em l\u1ea1i hi\u1ec7u qu\u1ea3 v\u01b0\u1ee3t tr\u1ed9i, n\u00e2ng cao s\u1ee9c kho\u1ebb \u0111\u01b0\u1eddng ru\u1ed9t m\u1ed9t c\u00e1ch ch\u1ee7 \u0111\u1ed9ng. 1. 3 t\u1ef7 b\u00e0o t\u1eed l\u1ee3i khu\u1ea9n \u0111\u1ed9c quy\u1ec1n trong BioLG Gut. \u0110a ch\u1ee7ng, d\u1ea1ng n\u01b0\u1edbc, n\u1ed3ng \u0111\u1ed9 [&hellip;]<\/p>\n","protected":false},"featured_media":8269,"comment_status":"open","ping_status":"closed","template":"","meta":{"_acf_changed":false},"product_cat":[17],"product_tag":[],"class_list":{"0":"post-8268","1":"product","2":"type-product","3":"status-publish","4":"has-post-thumbnail","6":"product_cat-tieu-hoa","8":"first","9":"instock","10":"shipping-taxable","11":"purchasable","12":"product-type-simple"},"acf":[],"yoast_head":"<!-- This site is optimized with the Yoast SEO plugin v25.1 - https:\/\/yoast.com\/wordpress\/plugins\/seo\/ -->\n<title>BioLG Gut - N\u00e2ng cao s\u1ee9c kho\u1ebb ti\u00eau ho\u00e1 - C\u00f4ng ty d\u01b0\u1ee3c ph\u1ea9m BioLG<\/title>\n<meta name=\"description\" content=\"BioLG Gut v\u1edbi c\u00f4ng th\u1ee9c \u01b0u vi\u1ec7t, k\u1ebft h\u1ee3p gi\u1eefa l\u1ee3i khu\u1ea9n v\u1edbi K\u1ebdm h\u1eefu c\u01a1 \u0111em l\u1ea1i hi\u1ec7u qu\u1ea3 v\u01b0\u1ee3t tr\u1ed9i, n\u00e2ng cao s\u1ee9c kho\u1ebb \u0111\u01b0\u1eddng ru\u1ed9t m\u1ed9t c\u00e1ch ch\u1ee7 \u0111\u1ed9ng.\" \/>\n<meta name=\"robots\" content=\"index, follow, max-snippet:-1, max-image-preview:large, max-video-preview:-1\" \/>\n<link rel=\"canonical\" href=\"https:\/\/biolg.vn\/en\/san-pham\/biolg-gut-nang-cao-suc-khoe-tieu-hoa\/\" \/>\n<meta property=\"og:locale\" content=\"en_US\" \/>\n<meta property=\"og:type\" content=\"article\" \/>\n<meta property=\"og:title\" content=\"BioLG Gut - N\u00e2ng cao s\u1ee9c kho\u1ebb ti\u00eau ho\u00e1 - C\u00f4ng ty d\u01b0\u1ee3c ph\u1ea9m BioLG\" \/>\n<meta property=\"og:description\" content=\"BioLG Gut v\u1edbi c\u00f4ng th\u1ee9c \u01b0u vi\u1ec7t, k\u1ebft h\u1ee3p gi\u1eefa l\u1ee3i khu\u1ea9n v\u1edbi K\u1ebdm h\u1eefu c\u01a1 \u0111em l\u1ea1i hi\u1ec7u qu\u1ea3 v\u01b0\u1ee3t tr\u1ed9i, n\u00e2ng cao s\u1ee9c kho\u1ebb \u0111\u01b0\u1eddng ru\u1ed9t m\u1ed9t c\u00e1ch ch\u1ee7 \u0111\u1ed9ng.\" \/>\n<meta property=\"og:url\" content=\"https:\/\/biolg.vn\/en\/san-pham\/biolg-gut-nang-cao-suc-khoe-tieu-hoa\/\" \/>\n<meta property=\"og:site_name\" content=\"C\u00f4ng ty d\u01b0\u1ee3c ph\u1ea9m BioLG\" \/>\n<meta property=\"article:publisher\" content=\"https:\/\/www.facebook.com\/profile.php?id=100083967914394\" \/>\n<meta property=\"article:modified_time\" content=\"2025-12-10T04:09:50+00:00\" \/>\n<meta property=\"og:image\" content=\"https:\/\/biolg.vn\/wp-content\/uploads\/2024\/08\/anh-web_tong-hop-07-1024x1024.png\" \/>\n\t<meta property=\"og:image:width\" content=\"1024\" \/>\n\t<meta property=\"og:image:height\" content=\"1024\" \/>\n\t<meta property=\"og:image:type\" content=\"image\/png\" \/>\n<meta name=\"twitter:card\" content=\"summary_large_image\" \/>\n<meta name=\"twitter:label1\" content=\"Est. reading time\" \/>\n\t<meta name=\"twitter:data1\" content=\"2 minutes\" \/>\n<script type=\"application\/ld+json\" class=\"yoast-schema-graph\">{\"@context\":\"https:\/\/schema.org\",\"@graph\":[{\"@type\":\"WebPage\",\"@id\":\"https:\/\/biolg.vn\/en\/san-pham\/biolg-gut-nang-cao-suc-khoe-tieu-hoa\/\",\"url\":\"https:\/\/biolg.vn\/en\/san-pham\/biolg-gut-nang-cao-suc-khoe-tieu-hoa\/\",\"name\":\"BioLG Gut - N\u00e2ng cao s\u1ee9c kho\u1ebb ti\u00eau ho\u00e1 - C\u00f4ng ty d\u01b0\u1ee3c ph\u1ea9m BioLG\",\"isPartOf\":{\"@id\":\"https:\/\/biolg.vn\/en\/#website\"},\"primaryImageOfPage\":{\"@id\":\"https:\/\/biolg.vn\/en\/san-pham\/biolg-gut-nang-cao-suc-khoe-tieu-hoa\/#primaryimage\"},\"image\":{\"@id\":\"https:\/\/biolg.vn\/en\/san-pham\/biolg-gut-nang-cao-suc-khoe-tieu-hoa\/#primaryimage\"},\"thumbnailUrl\":\"https:\/\/biolg.vn\/wp-content\/uploads\/2024\/08\/anh-web_tong-hop-07.png\",\"datePublished\":\"2024-08-06T03:58:37+00:00\",\"dateModified\":\"2025-12-10T04:09:50+00:00\",\"description\":\"BioLG Gut v\u1edbi c\u00f4ng th\u1ee9c \u01b0u vi\u1ec7t, k\u1ebft h\u1ee3p gi\u1eefa l\u1ee3i khu\u1ea9n v\u1edbi K\u1ebdm h\u1eefu c\u01a1 \u0111em l\u1ea1i hi\u1ec7u qu\u1ea3 v\u01b0\u1ee3t tr\u1ed9i, n\u00e2ng cao s\u1ee9c kho\u1ebb \u0111\u01b0\u1eddng ru\u1ed9t m\u1ed9t c\u00e1ch ch\u1ee7 \u0111\u1ed9ng.\",\"breadcrumb\":{\"@id\":\"https:\/\/biolg.vn\/en\/san-pham\/biolg-gut-nang-cao-suc-khoe-tieu-hoa\/#breadcrumb\"},\"inLanguage\":\"en-US\",\"potentialAction\":[{\"@type\":\"ReadAction\",\"target\":[\"https:\/\/biolg.vn\/en\/san-pham\/biolg-gut-nang-cao-suc-khoe-tieu-hoa\/\"]}]},{\"@type\":\"ImageObject\",\"inLanguage\":\"en-US\",\"@id\":\"https:\/\/biolg.vn\/en\/san-pham\/biolg-gut-nang-cao-suc-khoe-tieu-hoa\/#primaryimage\",\"url\":\"https:\/\/biolg.vn\/wp-content\/uploads\/2024\/08\/anh-web_tong-hop-07.png\",\"contentUrl\":\"https:\/\/biolg.vn\/wp-content\/uploads\/2024\/08\/anh-web_tong-hop-07.png\",\"width\":3334,\"height\":3334},{\"@type\":\"BreadcrumbList\",\"@id\":\"https:\/\/biolg.vn\/en\/san-pham\/biolg-gut-nang-cao-suc-khoe-tieu-hoa\/#breadcrumb\",\"itemListElement\":[{\"@type\":\"ListItem\",\"position\":1,\"name\":\"Home\",\"item\":\"https:\/\/biolg.vn\/en\/trang-chu\/\"},{\"@type\":\"ListItem\",\"position\":2,\"name\":\"Shop\",\"item\":\"https:\/\/biolg.vn\/shop\/\"},{\"@type\":\"ListItem\",\"position\":3,\"name\":\"BioLG Gut &#8211; N\u00e2ng cao s\u1ee9c kho\u1ebb ti\u00eau ho\u00e1\"}]},{\"@type\":\"WebSite\",\"@id\":\"https:\/\/biolg.vn\/en\/#website\",\"url\":\"https:\/\/biolg.vn\/en\/\",\"name\":\"C\u00f4ng ty d\u01b0\u1ee3c ph\u1ea9m BioLG\",\"description\":\"Y\u00eau th\u01b0\u01a1ng v\u00e0 b\u1ea3o v\u1ec7\",\"publisher\":{\"@id\":\"https:\/\/biolg.vn\/en\/#organization\"},\"potentialAction\":[{\"@type\":\"SearchAction\",\"target\":{\"@type\":\"EntryPoint\",\"urlTemplate\":\"https:\/\/biolg.vn\/en\/?s={search_term_string}\"},\"query-input\":{\"@type\":\"PropertyValueSpecification\",\"valueRequired\":true,\"valueName\":\"search_term_string\"}}],\"inLanguage\":\"en-US\"},{\"@type\":\"Organization\",\"@id\":\"https:\/\/biolg.vn\/en\/#organization\",\"name\":\"C\u00f4ng ty d\u01b0\u1ee3c ph\u1ea9m BioLG\",\"url\":\"https:\/\/biolg.vn\/en\/\",\"logo\":{\"@type\":\"ImageObject\",\"inLanguage\":\"en-US\",\"@id\":\"https:\/\/biolg.vn\/en\/#\/schema\/logo\/image\/\",\"url\":\"https:\/\/biolg.vn\/wp-content\/uploads\/2024\/05\/Logo-BioLG.png\",\"contentUrl\":\"https:\/\/biolg.vn\/wp-content\/uploads\/2024\/05\/Logo-BioLG.png\",\"width\":1600,\"height\":690,\"caption\":\"C\u00f4ng ty d\u01b0\u1ee3c ph\u1ea9m BioLG\"},\"image\":{\"@id\":\"https:\/\/biolg.vn\/en\/#\/schema\/logo\/image\/\"},\"sameAs\":[\"https:\/\/www.facebook.com\/profile.php?id=100083967914394\",\"https:\/\/www.youtube.com\/channel\/UCmmb_WhuoyxvzN5al6d_D-g\",\"https:\/\/www.tiktok.com\/@biolg.2020\"]}]}<\/script>\n<!-- \/ Yoast SEO plugin. -->","yoast_head_json":{"title":"BioLG Gut - N\u00e2ng cao s\u1ee9c kho\u1ebb ti\u00eau ho\u00e1 - C\u00f4ng ty d\u01b0\u1ee3c ph\u1ea9m BioLG","description":"BioLG Gut v\u1edbi c\u00f4ng th\u1ee9c \u01b0u vi\u1ec7t, k\u1ebft h\u1ee3p gi\u1eefa l\u1ee3i khu\u1ea9n v\u1edbi K\u1ebdm h\u1eefu c\u01a1 \u0111em l\u1ea1i hi\u1ec7u qu\u1ea3 v\u01b0\u1ee3t tr\u1ed9i, n\u00e2ng cao s\u1ee9c kho\u1ebb \u0111\u01b0\u1eddng ru\u1ed9t m\u1ed9t c\u00e1ch ch\u1ee7 \u0111\u1ed9ng.","robots":{"index":"index","follow":"follow","max-snippet":"max-snippet:-1","max-image-preview":"max-image-preview:large","max-video-preview":"max-video-preview:-1"},"canonical":"https:\/\/biolg.vn\/en\/san-pham\/biolg-gut-nang-cao-suc-khoe-tieu-hoa\/","og_locale":"en_US","og_type":"article","og_title":"BioLG Gut - N\u00e2ng cao s\u1ee9c kho\u1ebb ti\u00eau ho\u00e1 - C\u00f4ng ty d\u01b0\u1ee3c ph\u1ea9m BioLG","og_description":"BioLG Gut v\u1edbi c\u00f4ng th\u1ee9c \u01b0u vi\u1ec7t, k\u1ebft h\u1ee3p gi\u1eefa l\u1ee3i khu\u1ea9n v\u1edbi K\u1ebdm h\u1eefu c\u01a1 \u0111em l\u1ea1i hi\u1ec7u qu\u1ea3 v\u01b0\u1ee3t tr\u1ed9i, n\u00e2ng cao s\u1ee9c kho\u1ebb \u0111\u01b0\u1eddng ru\u1ed9t m\u1ed9t c\u00e1ch ch\u1ee7 \u0111\u1ed9ng.","og_url":"https:\/\/biolg.vn\/en\/san-pham\/biolg-gut-nang-cao-suc-khoe-tieu-hoa\/","og_site_name":"C\u00f4ng ty d\u01b0\u1ee3c ph\u1ea9m BioLG","article_publisher":"https:\/\/www.facebook.com\/profile.php?id=100083967914394","article_modified_time":"2025-12-10T04:09:50+00:00","og_image":[{"width":1024,"height":1024,"url":"https:\/\/biolg.vn\/wp-content\/uploads\/2024\/08\/anh-web_tong-hop-07-1024x1024.png","type":"image\/png"}],"twitter_card":"summary_large_image","twitter_misc":{"Est. reading time":"2 minutes"},"schema":{"@context":"https:\/\/schema.org","@graph":[{"@type":"WebPage","@id":"https:\/\/biolg.vn\/en\/san-pham\/biolg-gut-nang-cao-suc-khoe-tieu-hoa\/","url":"https:\/\/biolg.vn\/en\/san-pham\/biolg-gut-nang-cao-suc-khoe-tieu-hoa\/","name":"BioLG Gut - N\u00e2ng cao s\u1ee9c kho\u1ebb ti\u00eau ho\u00e1 - C\u00f4ng ty d\u01b0\u1ee3c ph\u1ea9m BioLG","isPartOf":{"@id":"https:\/\/biolg.vn\/en\/#website"},"primaryImageOfPage":{"@id":"https:\/\/biolg.vn\/en\/san-pham\/biolg-gut-nang-cao-suc-khoe-tieu-hoa\/#primaryimage"},"image":{"@id":"https:\/\/biolg.vn\/en\/san-pham\/biolg-gut-nang-cao-suc-khoe-tieu-hoa\/#primaryimage"},"thumbnailUrl":"https:\/\/biolg.vn\/wp-content\/uploads\/2024\/08\/anh-web_tong-hop-07.png","datePublished":"2024-08-06T03:58:37+00:00","dateModified":"2025-12-10T04:09:50+00:00","description":"BioLG Gut v\u1edbi c\u00f4ng th\u1ee9c \u01b0u vi\u1ec7t, k\u1ebft h\u1ee3p gi\u1eefa l\u1ee3i khu\u1ea9n v\u1edbi K\u1ebdm h\u1eefu c\u01a1 \u0111em l\u1ea1i hi\u1ec7u qu\u1ea3 v\u01b0\u1ee3t tr\u1ed9i, n\u00e2ng cao s\u1ee9c kho\u1ebb \u0111\u01b0\u1eddng ru\u1ed9t m\u1ed9t c\u00e1ch ch\u1ee7 \u0111\u1ed9ng.","breadcrumb":{"@id":"https:\/\/biolg.vn\/en\/san-pham\/biolg-gut-nang-cao-suc-khoe-tieu-hoa\/#breadcrumb"},"inLanguage":"en-US","potentialAction":[{"@type":"ReadAction","target":["https:\/\/biolg.vn\/en\/san-pham\/biolg-gut-nang-cao-suc-khoe-tieu-hoa\/"]}]},{"@type":"ImageObject","inLanguage":"en-US","@id":"https:\/\/biolg.vn\/en\/san-pham\/biolg-gut-nang-cao-suc-khoe-tieu-hoa\/#primaryimage","url":"https:\/\/biolg.vn\/wp-content\/uploads\/2024\/08\/anh-web_tong-hop-07.png","contentUrl":"https:\/\/biolg.vn\/wp-content\/uploads\/2024\/08\/anh-web_tong-hop-07.png","width":3334,"height":3334},{"@type":"BreadcrumbList","@id":"https:\/\/biolg.vn\/en\/san-pham\/biolg-gut-nang-cao-suc-khoe-tieu-hoa\/#breadcrumb","itemListElement":[{"@type":"ListItem","position":1,"name":"Home","item":"https:\/\/biolg.vn\/en\/trang-chu\/"},{"@type":"ListItem","position":2,"name":"Shop","item":"https:\/\/biolg.vn\/shop\/"},{"@type":"ListItem","position":3,"name":"BioLG Gut &#8211; N\u00e2ng cao s\u1ee9c kho\u1ebb ti\u00eau ho\u00e1"}]},{"@type":"WebSite","@id":"https:\/\/biolg.vn\/en\/#website","url":"https:\/\/biolg.vn\/en\/","name":"C\u00f4ng ty d\u01b0\u1ee3c ph\u1ea9m BioLG","description":"Y\u00eau th\u01b0\u01a1ng v\u00e0 b\u1ea3o v\u1ec7","publisher":{"@id":"https:\/\/biolg.vn\/en\/#organization"},"potentialAction":[{"@type":"SearchAction","target":{"@type":"EntryPoint","urlTemplate":"https:\/\/biolg.vn\/en\/?s={search_term_string}"},"query-input":{"@type":"PropertyValueSpecification","valueRequired":true,"valueName":"search_term_string"}}],"inLanguage":"en-US"},{"@type":"Organization","@id":"https:\/\/biolg.vn\/en\/#organization","name":"C\u00f4ng ty d\u01b0\u1ee3c ph\u1ea9m BioLG","url":"https:\/\/biolg.vn\/en\/","logo":{"@type":"ImageObject","inLanguage":"en-US","@id":"https:\/\/biolg.vn\/en\/#\/schema\/logo\/image\/","url":"https:\/\/biolg.vn\/wp-content\/uploads\/2024\/05\/Logo-BioLG.png","contentUrl":"https:\/\/biolg.vn\/wp-content\/uploads\/2024\/05\/Logo-BioLG.png","width":1600,"height":690,"caption":"C\u00f4ng ty d\u01b0\u1ee3c ph\u1ea9m BioLG"},"image":{"@id":"https:\/\/biolg.vn\/en\/#\/schema\/logo\/image\/"},"sameAs":["https:\/\/www.facebook.com\/profile.php?id=100083967914394","https:\/\/www.youtube.com\/channel\/UCmmb_WhuoyxvzN5al6d_D-g","https:\/\/www.tiktok.com\/@biolg.2020"]}]}},"_links":{"self":[{"href":"https:\/\/biolg.vn\/en\/wp-json\/wp\/v2\/product\/8268","targetHints":{"allow":["GET"]}}],"collection":[{"href":"https:\/\/biolg.vn\/en\/wp-json\/wp\/v2\/product"}],"about":[{"href":"https:\/\/biolg.vn\/en\/wp-json\/wp\/v2\/types\/product"}],"replies":[{"embeddable":true,"href":"https:\/\/biolg.vn\/en\/wp-json\/wp\/v2\/comments?post=8268"}],"wp:featuredmedia":[{"embeddable":true,"href":"https:\/\/biolg.vn\/en\/wp-json\/wp\/v2\/media\/8269"}],"wp:attachment":[{"href":"https:\/\/biolg.vn\/en\/wp-json\/wp\/v2\/media?parent=8268"}],"wp:term":[{"taxonomy":"product_cat","embeddable":true,"href":"https:\/\/biolg.vn\/en\/wp-json\/wp\/v2\/product_cat?post=8268"},{"taxonomy":"product_tag","embeddable":true,"href":"https:\/\/biolg.vn\/en\/wp-json\/wp\/v2\/product_tag?post=8268"}],"curies":[{"name":"wp","href":"https:\/\/api.w.org\/{rel}","templated":true}]}}